{"id":28857,"date":"2020-10-14T14:16:35","date_gmt":"2020-10-14T12:16:35","guid":{"rendered":"https:\/\/webprojekt711.brentex-webprojekt.ch\/?page_id=28857"},"modified":"2023-03-15T14:04:55","modified_gmt":"2023-03-15T13:04:55","slug":"kontakt","status":"publish","type":"page","link":"https:\/\/www.alliancetransport.ch\/en\/kontakt\/","title":{"rendered":"Contact"},"content":{"rendered":"<div data-elementor-type=\"wp-page\" data-elementor-id=\"28857\" class=\"elementor elementor-28857\" data-elementor-post-type=\"page\">\n\t\t\t\t\t\t<section class=\"elementor-section elementor-top-section elementor-element elementor-element-b251009 elementor-section-height-min-height elementor-section-boxed elementor-section-height-default elementor-section-items-middle\" data-id=\"b251009\" data-element_type=\"section\" data-settings=\"{&quot;background_background&quot;:&quot;classic&quot;,&quot;_ha_eqh_enable&quot;:false}\">\n\t\t\t\t\t\t\t<div class=\"elementor-background-overlay\"><\/div>\n\t\t\t\t\t\t\t<div class=\"elementor-container elementor-column-gap-default\">\n\t\t\t\t\t<div class=\"elementor-column elementor-col-100 elementor-top-column elementor-element elementor-element-6b59c06\" data-id=\"6b59c06\" data-element_type=\"column\">\n\t\t\t<div class=\"elementor-widget-wrap elementor-element-populated\">\n\t\t\t\t\t\t<div class=\"elementor-element elementor-element-7ef643f elementor-widget elementor-widget-heading\" data-id=\"7ef643f\" data-element_type=\"widget\" data-widget_type=\"heading.default\">\n\t\t\t\t<div class=\"elementor-widget-container\">\n\t\t\t<h2 class=\"elementor-heading-title elementor-size-default\">Contact<\/h2>\t\t<\/div>\n\t\t\t\t<\/div>\n\t\t\t\t<div class=\"elementor-element elementor-element-41af3aa elementor-widget-divider--view-line elementor-widget elementor-widget-divider\" data-id=\"41af3aa\" data-element_type=\"widget\" data-widget_type=\"divider.default\">\n\t\t\t\t<div class=\"elementor-widget-container\">\n\t\t\t\t\t<div class=\"elementor-divider\">\n\t\t\t<span class=\"elementor-divider-separator\">\n\t\t\t\t\t\t<\/span>\n\t\t<\/div>\n\t\t\t\t<\/div>\n\t\t\t\t<\/div>\n\t\t\t\t\t<\/div>\n\t\t<\/div>\n\t\t\t\t\t<\/div>\n\t\t<\/section>\n\t\t\t\t<section class=\"elementor-section elementor-top-section elementor-element elementor-element-f617a9b elementor-section-boxed elementor-section-height-default elementor-section-height-default\" data-id=\"f617a9b\" data-element_type=\"section\" data-settings=\"{&quot;_ha_eqh_enable&quot;:false}\">\n\t\t\t\t\t\t<div class=\"elementor-container elementor-column-gap-default\">\n\t\t\t\t\t<div class=\"elementor-column elementor-col-50 elementor-top-column elementor-element elementor-element-a53b1ae\" data-id=\"a53b1ae\" data-element_type=\"column\" data-settings=\"{&quot;background_background&quot;:&quot;classic&quot;}\">\n\t\t\t<div class=\"elementor-widget-wrap elementor-element-populated\">\n\t\t\t\t\t<div class=\"elementor-background-overlay\"><\/div>\n\t\t\t\t\t\t<div class=\"elementor-element elementor-element-1568f3f elementor-widget elementor-widget-heading\" data-id=\"1568f3f\" data-element_type=\"widget\" data-widget_type=\"heading.default\">\n\t\t\t\t<div class=\"elementor-widget-container\">\n\t\t\t<h2 class=\"elementor-heading-title elementor-size-default\">Inquiry form<\/h2>\t\t<\/div>\n\t\t\t\t<\/div>\n\t\t\t\t<div class=\"elementor-element elementor-element-e53c513 elementor-widget-divider--view-line elementor-widget elementor-widget-divider\" data-id=\"e53c513\" data-element_type=\"widget\" data-widget_type=\"divider.default\">\n\t\t\t\t<div class=\"elementor-widget-container\">\n\t\t\t\t\t<div class=\"elementor-divider\">\n\t\t\t<span class=\"elementor-divider-separator\">\n\t\t\t\t\t\t<\/span>\n\t\t<\/div>\n\t\t\t\t<\/div>\n\t\t\t\t<\/div>\n\t\t\t\t<div class=\"elementor-element elementor-element-dff125b elementor-widget elementor-widget-text-editor\" data-id=\"dff125b\" data-element_type=\"widget\" data-widget_type=\"text-editor.default\">\n\t\t\t\t<div class=\"elementor-widget-container\">\n\t\t\t\t\t\t\t<p>Just fill out the form and paraphrase your request. We will get back to you as soon as possible with an answer.<\/p>\t\t\t\t\t\t<\/div>\n\t\t\t\t<\/div>\n\t\t\t\t<div class=\"elementor-element elementor-element-3fa8117 elementor-button-align-start elementor-mobile-button-align-center elementor-widget elementor-widget-form\" data-id=\"3fa8117\" data-element_type=\"widget\" data-settings=\"{&quot;step_next_label&quot;:&quot;Next&quot;,&quot;step_previous_label&quot;:&quot;Previous&quot;,&quot;button_width&quot;:&quot;100&quot;,&quot;step_type&quot;:&quot;number_text&quot;,&quot;step_icon_shape&quot;:&quot;circle&quot;}\" data-widget_type=\"form.default\">\n\t\t\t\t<div class=\"elementor-widget-container\">\n\t\t\t\t\t<form class=\"elementor-form\" method=\"post\" name=\"Kontaktformular\" action=\"\">\n\t\t\t<input type=\"hidden\" name=\"post_id\" value=\"28857\"\/>\n\t\t\t<input type=\"hidden\" name=\"form_id\" value=\"3fa8117\"\/>\n\t\t\t<input type=\"hidden\" name=\"referer_title\" value=\"Alliance Transport\" \/>\n\n\t\t\t\n\t\t\t<div class=\"elementor-form-fields-wrapper elementor-labels-above\">\n\t\t\t\t\t\t\t\t<div class=\"elementor-field-type-text elementor-field-group elementor-column elementor-field-group-name elementor-col-50\">\n\t\t\t\t\t\t\t\t\t\t\t\t\t<input size=\"1\" type=\"text\" name=\"form_fields[name]\" id=\"form-field-name\" class=\"elementor-field elementor-size-sm  elementor-field-textual\" placeholder=\"Surname\">\n\t\t\t\t\t\t\t\t\t\t\t<\/div>\n\t\t\t\t\t\t\t\t<div class=\"elementor-field-type-text elementor-field-group elementor-column elementor-field-group-field_dd846ad elementor-col-50\">\n\t\t\t\t\t\t\t\t\t\t\t\t\t<input size=\"1\" type=\"text\" name=\"form_fields[field_dd846ad]\" id=\"form-field-field_dd846ad\" class=\"elementor-field elementor-size-sm  elementor-field-textual\" placeholder=\"First name\">\n\t\t\t\t\t\t\t\t\t\t\t<\/div>\n\t\t\t\t\t\t\t\t<div class=\"elementor-field-type-text elementor-field-group elementor-column elementor-field-group-field_2e2d6a7 elementor-col-100\">\n\t\t\t\t\t\t\t\t\t\t\t\t\t<input size=\"1\" type=\"text\" name=\"form_fields[field_2e2d6a7]\" id=\"form-field-field_2e2d6a7\" class=\"elementor-field elementor-size-sm  elementor-field-textual\" placeholder=\"Phone\">\n\t\t\t\t\t\t\t\t\t\t\t<\/div>\n\t\t\t\t\t\t\t\t<div class=\"elementor-field-type-email elementor-field-group elementor-column elementor-field-group-email elementor-col-100 elementor-field-required\">\n\t\t\t\t\t\t\t\t\t\t\t\t\t<input size=\"1\" type=\"email\" name=\"form_fields[email]\" id=\"form-field-email\" class=\"elementor-field elementor-size-sm  elementor-field-textual\" placeholder=\"E-Mail\" required=\"required\" aria-required=\"true\">\n\t\t\t\t\t\t\t\t\t\t\t<\/div>\n\t\t\t\t\t\t\t\t<div class=\"elementor-field-type-textarea elementor-field-group elementor-column elementor-field-group-message elementor-col-100\">\n\t\t\t\t\t<textarea class=\"elementor-field-textual elementor-field  elementor-size-sm\" name=\"form_fields[message]\" id=\"form-field-message\" rows=\"4\" placeholder=\"Message\"><\/textarea>\t\t\t\t<\/div>\n\t\t\t\t\t\t\t\t<div class=\"elementor-field-type-recaptcha elementor-field-group elementor-column elementor-field-group-field_67f1f83 elementor-col-100\">\n\t\t\t\t\t<div class=\"elementor-field\" id=\"form-field-field_67f1f83\"><div class=\"elementor-g-recaptcha\" data-sitekey=\"6LfuSoIkAAAAAIhn969n5pZLsH5W8VKUwmB7k3Lg\" data-type=\"v2_checkbox\" data-theme=\"light\" data-size=\"normal\"><\/div><\/div>\t\t\t\t<\/div>\n\t\t\t\t\t\t\t\t<div class=\"elementor-field-group elementor-column elementor-field-type-submit elementor-col-100 e-form__buttons\">\n\t\t\t\t\t<button class=\"elementor-button elementor-size-md\" type=\"submit\">\n\t\t\t\t\t\t<span class=\"elementor-button-content-wrapper\">\n\t\t\t\t\t\t\t\t\t\t\t\t\t\t\t\t\t\t\t\t\t\t<span class=\"elementor-button-text\">Send<\/span>\n\t\t\t\t\t\t\t\t\t\t\t\t\t<\/span>\n\t\t\t\t\t<\/button>\n\t\t\t\t<\/div>\n\t\t\t<\/div>\n\t\t<input type=\"hidden\" name=\"trp-form-language\" value=\"en\"\/><\/form>\n\t\t\t\t<\/div>\n\t\t\t\t<\/div>\n\t\t\t\t\t<\/div>\n\t\t<\/div>\n\t\t\t\t<div class=\"elementor-column elementor-col-50 elementor-top-column elementor-element elementor-element-21f686a\" data-id=\"21f686a\" data-element_type=\"column\">\n\t\t\t<div class=\"elementor-widget-wrap elementor-element-populated\">\n\t\t\t\t\t\t<div class=\"elementor-element elementor-element-b868cb7 elementor-widget elementor-widget-heading\" data-id=\"b868cb7\" data-element_type=\"widget\" data-widget_type=\"heading.default\">\n\t\t\t\t<div class=\"elementor-widget-container\">\n\t\t\t<h2 class=\"elementor-heading-title elementor-size-default\">Contact details<\/h2>\t\t<\/div>\n\t\t\t\t<\/div>\n\t\t\t\t<div class=\"elementor-element elementor-element-2591087 elementor-widget-divider--view-line elementor-widget elementor-widget-divider\" data-id=\"2591087\" data-element_type=\"widget\" data-widget_type=\"divider.default\">\n\t\t\t\t<div class=\"elementor-widget-container\">\n\t\t\t\t\t<div class=\"elementor-divider\">\n\t\t\t<span class=\"elementor-divider-separator\">\n\t\t\t\t\t\t<\/span>\n\t\t<\/div>\n\t\t\t\t<\/div>\n\t\t\t\t<\/div>\n\t\t\t\t<div class=\"elementor-element elementor-element-f694a35 elementor-widget elementor-widget-text-editor\" data-id=\"f694a35\" data-element_type=\"widget\" data-widget_type=\"text-editor.default\">\n\t\t\t\t<div class=\"elementor-widget-container\">\n\t\t\t\t\t\t\tWe are here for you. Contact us with questions or concerns via the contact form, by e-mail, or by phone. \t\t\t\t\t\t<\/div>\n\t\t\t\t<\/div>\n\t\t\t\t<div class=\"elementor-element elementor-element-399ab60 elementor-position-left elementor-vertical-align-middle elementor-view-stacked elementor-shape-circle elementor-mobile-position-top elementor-widget elementor-widget-icon-box\" data-id=\"399ab60\" data-element_type=\"widget\" data-widget_type=\"icon-box.default\">\n\t\t\t\t<div class=\"elementor-widget-container\">\n\t\t\t\t\t<div class=\"elementor-icon-box-wrapper\">\n\n\t\t\t\t\t\t<div class=\"elementor-icon-box-icon\">\n\t\t\t\t<a href=\"tel:0619111243\" class=\"elementor-icon elementor-animation-\" tabindex=\"-1\">\n\t\t\t\t<i aria-hidden=\"true\" class=\"icon icon-phone\"><\/i>\t\t\t\t<\/a>\n\t\t\t<\/div>\n\t\t\t\n\t\t\t\t\t\t<div class=\"elementor-icon-box-content\">\n\n\t\t\t\t\t\t\t\t\t<h3 class=\"elementor-icon-box-title\">\n\t\t\t\t\t\t<a href=\"tel:0619111243\" >\n\t\t\t\t\t\t\tPhone\t\t\t\t\t\t<\/a>\n\t\t\t\t\t<\/h3>\n\t\t\t\t\n\t\t\t\t\t\t\t\t\t<p class=\"elementor-icon-box-description\">\n\t\t\t\t\t\t+41 61 911 12 43\t\t\t\t\t<\/p>\n\t\t\t\t\n\t\t\t<\/div>\n\t\t\t\n\t\t<\/div>\n\t\t\t\t<\/div>\n\t\t\t\t<\/div>\n\t\t\t\t<div class=\"elementor-element elementor-element-d2653ae elementor-position-left elementor-vertical-align-middle elementor-view-stacked elementor-shape-circle elementor-mobile-position-top elementor-widget elementor-widget-icon-box\" data-id=\"d2653ae\" data-element_type=\"widget\" data-widget_type=\"icon-box.default\">\n\t\t\t\t<div class=\"elementor-widget-container\">\n\t\t\t\t\t<div class=\"elementor-icon-box-wrapper\">\n\n\t\t\t\t\t\t<div class=\"elementor-icon-box-icon\">\n\t\t\t\t<a href=\"mailto:info@alliancetransport.ch\" class=\"elementor-icon elementor-animation-\" tabindex=\"-1\">\n\t\t\t\t<i aria-hidden=\"true\" class=\"icon icon-envelope2\"><\/i>\t\t\t\t<\/a>\n\t\t\t<\/div>\n\t\t\t\n\t\t\t\t\t\t<div class=\"elementor-icon-box-content\">\n\n\t\t\t\t\t\t\t\t\t<h3 class=\"elementor-icon-box-title\">\n\t\t\t\t\t\t<a href=\"mailto:info@alliancetransport.ch\" >\n\t\t\t\t\t\t\tE-Mail\t\t\t\t\t\t<\/a>\n\t\t\t\t\t<\/h3>\n\t\t\t\t\n\t\t\t\t\t\t\t\t\t<p class=\"elementor-icon-box-description\">\n\t\t\t\t\t\tinfo@alliancetransport.ch\t\t\t\t\t<\/p>\n\t\t\t\t\n\t\t\t<\/div>\n\t\t\t\n\t\t<\/div>\n\t\t\t\t<\/div>\n\t\t\t\t<\/div>\n\t\t\t\t<div class=\"elementor-element elementor-element-f12339f elementor-position-left elementor-vertical-align-middle elementor-view-stacked elementor-shape-circle elementor-mobile-position-top elementor-widget elementor-widget-icon-box\" data-id=\"f12339f\" data-element_type=\"widget\" data-widget_type=\"icon-box.default\">\n\t\t\t\t<div class=\"elementor-widget-container\">\n\t\t\t\t\t<div class=\"elementor-icon-box-wrapper\">\n\n\t\t\t\t\t\t<div class=\"elementor-icon-box-icon\">\n\t\t\t\t<span  class=\"elementor-icon elementor-animation-\">\n\t\t\t\t<i aria-hidden=\"true\" class=\"icon icon-map-marker\"><\/i>\t\t\t\t<\/span>\n\t\t\t<\/div>\n\t\t\t\n\t\t\t\t\t\t<div class=\"elementor-icon-box-content\">\n\n\t\t\t\t\t\t\t\t\t<h3 class=\"elementor-icon-box-title\">\n\t\t\t\t\t\t<span  >\n\t\t\t\t\t\t\tAddress\t\t\t\t\t\t<\/span>\n\t\t\t\t\t<\/h3>\n\t\t\t\t\n\t\t\t\t\t\t\t\t\t<p class=\"elementor-icon-box-description\">\n\t\t\t\t\t\tHafenstrasse 9,  4057 Basel\t\t\t\t\t<\/p>\n\t\t\t\t\n\t\t\t<\/div>\n\t\t\t\n\t\t<\/div>\n\t\t\t\t<\/div>\n\t\t\t\t<\/div>\n\t\t\t\t\t<\/div>\n\t\t<\/div>\n\t\t\t\t\t<\/div>\n\t\t<\/section>\n\t\t\t\t<section class=\"elementor-section elementor-top-section elementor-element elementor-element-578ffea elementor-section-full_width elementor-section-height-default elementor-section-height-default\" data-id=\"578ffea\" data-element_type=\"section\" data-settings=\"{&quot;background_background&quot;:&quot;classic&quot;,&quot;_ha_eqh_enable&quot;:false}\">\n\t\t\t\t\t\t\t<div class=\"elementor-background-overlay\"><\/div>\n\t\t\t\t\t\t\t<div class=\"elementor-container elementor-column-gap-default\">\n\t\t\t\t\t<div class=\"elementor-column elementor-col-100 elementor-top-column elementor-element elementor-element-63479a0\" data-id=\"63479a0\" data-element_type=\"column\">\n\t\t\t<div class=\"elementor-widget-wrap elementor-element-populated\">\n\t\t\t\t\t\t<div class=\"elementor-element elementor-element-4575afc elementor-widget elementor-widget-google_maps\" data-id=\"4575afc\" data-element_type=\"widget\" data-widget_type=\"google_maps.default\">\n\t\t\t\t<div class=\"elementor-widget-container\">\n\t\t\t\t\t<div class=\"elementor-custom-embed\">\n\t\t\t<iframe loading=\"lazy\"\n\t\t\t\t\tsrc=\"https:\/\/maps.google.com\/maps?q=Hafenstrasse%209%2C%20%204057%20Basel&#038;t=m&#038;z=10&#038;output=embed&#038;iwloc=near\"\n\t\t\t\t\ttitle=\"Hafenstrasse 9,  4057 Basel\"\n\t\t\t\t\taria-label=\"Hafenstrasse 9,  4057 Basel\"\n\t\t\t><\/iframe>\n\t\t<\/div>\n\t\t\t\t<\/div>\n\t\t\t\t<\/div>\n\t\t\t\t\t<\/div>\n\t\t<\/div>\n\t\t\t\t\t<\/div>\n\t\t<\/section>\n\t\t\t\t<\/div>","protected":false},"excerpt":{"rendered":"<p>Kontakt Anfrageformular F\u00fcllen Sie lediglich das Formular aus und umschreiben Sie uns Ihre Anfrage. Wir melden uns sobald als m\u00f6glich bei Ihnen mit einer Antwort. Kontaktdaten Wir sind f\u00fcr Sie da. Kontaktieren Sie uns bei Fragen oder Anliegen \u00fcber das Kontaktformular, per E-Mail oder telefonisch. Telefon +41 61 911 12 43 E-Mail info@alliancetransport.ch Adresse Hafenstrasse [&hellip;]<\/p>","protected":false},"author":2,"featured_media":34045,"parent":0,"menu_order":10,"comment_status":"closed","ping_status":"closed","template":"elementor_header_footer","meta":{"footnotes":""},"yoast_head":"<!-- This site is optimized with the Yoast SEO plugin v23.0 - https:\/\/yoast.com\/wordpress\/plugins\/seo\/ -->\n<title>Kontakt - Alliance Transport<\/title>\n<meta name=\"description\" content=\"F\u00fcllen Sie lediglich das Formular aus und umschreiben Sie uns Ihre Anfrage. Wir melden uns sobald als m\u00f6glich bei Ihnen mit einer Antwort.\" \/>\n<meta name=\"robots\" content=\"index, follow, max-snippet:-1, max-image-preview:large, max-video-preview:-1\" \/>\n<link rel=\"canonical\" href=\"https:\/\/www.alliancetransport.ch\/en\/kontakt\/\" \/>\n<meta property=\"og:locale\" content=\"en_US\" \/>\n<meta property=\"og:type\" content=\"article\" \/>\n<meta property=\"og:title\" content=\"Kontakt - Alliance Transport\" \/>\n<meta property=\"og:description\" content=\"F\u00fcllen Sie lediglich das Formular aus und umschreiben Sie uns Ihre Anfrage. Wir melden uns sobald als m\u00f6glich bei Ihnen mit einer Antwort.\" \/>\n<meta property=\"og:url\" content=\"https:\/\/www.alliancetransport.ch\/en\/kontakt\/\" \/>\n<meta property=\"og:site_name\" content=\"Alliance Transport\" \/>\n<meta property=\"article:modified_time\" content=\"2023-03-15T13:04:55+00:00\" \/>\n<meta property=\"og:image\" content=\"https:\/\/www.alliancetransport.ch\/wp-content\/uploads\/2022\/02\/Zeichenflache-1A-T-AG-1024x1024-1.jpg\" \/>\n\t<meta property=\"og:image:width\" content=\"1024\" \/>\n\t<meta property=\"og:image:height\" content=\"1024\" \/>\n\t<meta property=\"og:image:type\" content=\"image\/jpeg\" \/>\n<meta name=\"twitter:card\" content=\"summary_large_image\" \/>\n<meta name=\"twitter:label1\" content=\"Est. reading time\" \/>\n\t<meta name=\"twitter:data1\" content=\"1 minute\" \/>\n<script type=\"application\/ld+json\" class=\"yoast-schema-graph\">{\"@context\":\"https:\/\/schema.org\",\"@graph\":[{\"@type\":\"WebPage\",\"@id\":\"https:\/\/www.alliancetransport.ch\/kontakt\/\",\"url\":\"https:\/\/www.alliancetransport.ch\/kontakt\/\",\"name\":\"Kontakt - Alliance Transport\",\"isPartOf\":{\"@id\":\"https:\/\/www.alliancetransport.ch\/#website\"},\"primaryImageOfPage\":{\"@id\":\"https:\/\/www.alliancetransport.ch\/kontakt\/#primaryimage\"},\"image\":{\"@id\":\"https:\/\/www.alliancetransport.ch\/kontakt\/#primaryimage\"},\"thumbnailUrl\":\"https:\/\/www.alliancetransport.ch\/wp-content\/uploads\/2022\/02\/Zeichenflache-1A-T-AG-1024x1024-1.jpg\",\"datePublished\":\"2020-10-14T12:16:35+00:00\",\"dateModified\":\"2023-03-15T13:04:55+00:00\",\"description\":\"F\u00fcllen Sie lediglich das Formular aus und umschreiben Sie uns Ihre Anfrage. Wir melden uns sobald als m\u00f6glich bei Ihnen mit einer Antwort.\",\"breadcrumb\":{\"@id\":\"https:\/\/www.alliancetransport.ch\/kontakt\/#breadcrumb\"},\"inLanguage\":\"en-US\",\"potentialAction\":[{\"@type\":\"ReadAction\",\"target\":[\"https:\/\/www.alliancetransport.ch\/kontakt\/\"]}]},{\"@type\":\"ImageObject\",\"inLanguage\":\"en-US\",\"@id\":\"https:\/\/www.alliancetransport.ch\/kontakt\/#primaryimage\",\"url\":\"https:\/\/www.alliancetransport.ch\/wp-content\/uploads\/2022\/02\/Zeichenflache-1A-T-AG-1024x1024-1.jpg\",\"contentUrl\":\"https:\/\/www.alliancetransport.ch\/wp-content\/uploads\/2022\/02\/Zeichenflache-1A-T-AG-1024x1024-1.jpg\",\"width\":1024,\"height\":1024},{\"@type\":\"BreadcrumbList\",\"@id\":\"https:\/\/www.alliancetransport.ch\/kontakt\/#breadcrumb\",\"itemListElement\":[{\"@type\":\"ListItem\",\"position\":1,\"name\":\"Home\",\"item\":\"https:\/\/www.alliancetransport.ch\/\"},{\"@type\":\"ListItem\",\"position\":2,\"name\":\"Kontakt\"}]},{\"@type\":\"WebSite\",\"@id\":\"https:\/\/www.alliancetransport.ch\/#website\",\"url\":\"https:\/\/www.alliancetransport.ch\/\",\"name\":\"Alliance Transport\",\"description\":\"Home\",\"inLanguage\":\"en-US\"}]}<\/script>\n<!-- \/ Yoast SEO plugin. -->","yoast_head_json":{"title":"Kontakt - Alliance Transport","description":"F\u00fcllen Sie lediglich das Formular aus und umschreiben Sie uns Ihre Anfrage. Wir melden uns sobald als m\u00f6glich bei Ihnen mit einer Antwort.","robots":{"index":"index","follow":"follow","max-snippet":"max-snippet:-1","max-image-preview":"max-image-preview:large","max-video-preview":"max-video-preview:-1"},"canonical":"https:\/\/www.alliancetransport.ch\/en\/kontakt\/","og_locale":"en_US","og_type":"article","og_title":"Kontakt - Alliance Transport","og_description":"F\u00fcllen Sie lediglich das Formular aus und umschreiben Sie uns Ihre Anfrage. Wir melden uns sobald als m\u00f6glich bei Ihnen mit einer Antwort.","og_url":"https:\/\/www.alliancetransport.ch\/en\/kontakt\/","og_site_name":"Alliance Transport","article_modified_time":"2023-03-15T13:04:55+00:00","og_image":[{"width":1024,"height":1024,"url":"https:\/\/www.alliancetransport.ch\/wp-content\/uploads\/2022\/02\/Zeichenflache-1A-T-AG-1024x1024-1.jpg","type":"image\/jpeg"}],"twitter_card":"summary_large_image","twitter_misc":{"Est. reading time":"1 minute"},"schema":{"@context":"https:\/\/schema.org","@graph":[{"@type":"WebPage","@id":"https:\/\/www.alliancetransport.ch\/kontakt\/","url":"https:\/\/www.alliancetransport.ch\/kontakt\/","name":"Kontakt - Alliance Transport","isPartOf":{"@id":"https:\/\/www.alliancetransport.ch\/#website"},"primaryImageOfPage":{"@id":"https:\/\/www.alliancetransport.ch\/kontakt\/#primaryimage"},"image":{"@id":"https:\/\/www.alliancetransport.ch\/kontakt\/#primaryimage"},"thumbnailUrl":"https:\/\/www.alliancetransport.ch\/wp-content\/uploads\/2022\/02\/Zeichenflache-1A-T-AG-1024x1024-1.jpg","datePublished":"2020-10-14T12:16:35+00:00","dateModified":"2023-03-15T13:04:55+00:00","description":"F\u00fcllen Sie lediglich das Formular aus und umschreiben Sie uns Ihre Anfrage. Wir melden uns sobald als m\u00f6glich bei Ihnen mit einer Antwort.","breadcrumb":{"@id":"https:\/\/www.alliancetransport.ch\/kontakt\/#breadcrumb"},"inLanguage":"en-US","potentialAction":[{"@type":"ReadAction","target":["https:\/\/www.alliancetransport.ch\/kontakt\/"]}]},{"@type":"ImageObject","inLanguage":"en-US","@id":"https:\/\/www.alliancetransport.ch\/kontakt\/#primaryimage","url":"https:\/\/www.alliancetransport.ch\/wp-content\/uploads\/2022\/02\/Zeichenflache-1A-T-AG-1024x1024-1.jpg","contentUrl":"https:\/\/www.alliancetransport.ch\/wp-content\/uploads\/2022\/02\/Zeichenflache-1A-T-AG-1024x1024-1.jpg","width":1024,"height":1024},{"@type":"BreadcrumbList","@id":"https:\/\/www.alliancetransport.ch\/kontakt\/#breadcrumb","itemListElement":[{"@type":"ListItem","position":1,"name":"Home","item":"https:\/\/www.alliancetransport.ch\/"},{"@type":"ListItem","position":2,"name":"Kontakt"}]},{"@type":"WebSite","@id":"https:\/\/www.alliancetransport.ch\/#website","url":"https:\/\/www.alliancetransport.ch\/","name":"Alliance Transport","description":"Home","inLanguage":"en-US"}]}},"_links":{"self":[{"href":"https:\/\/www.alliancetransport.ch\/en\/wp-json\/wp\/v2\/pages\/28857"}],"collection":[{"href":"https:\/\/www.alliancetransport.ch\/en\/wp-json\/wp\/v2\/pages"}],"about":[{"href":"https:\/\/www.alliancetransport.ch\/en\/wp-json\/wp\/v2\/types\/page"}],"author":[{"embeddable":true,"href":"https:\/\/www.alliancetransport.ch\/en\/wp-json\/wp\/v2\/users\/2"}],"replies":[{"embeddable":true,"href":"https:\/\/www.alliancetransport.ch\/en\/wp-json\/wp\/v2\/comments?post=28857"}],"version-history":[{"count":284,"href":"https:\/\/www.alliancetransport.ch\/en\/wp-json\/wp\/v2\/pages\/28857\/revisions"}],"predecessor-version":[{"id":34483,"href":"https:\/\/www.alliancetransport.ch\/en\/wp-json\/wp\/v2\/pages\/28857\/revisions\/34483"}],"wp:featuredmedia":[{"embeddable":true,"href":"https:\/\/www.alliancetransport.ch\/en\/wp-json\/wp\/v2\/media\/34045"}],"wp:attachment":[{"href":"https:\/\/www.alliancetransport.ch\/en\/wp-json\/wp\/v2\/media?parent=28857"}],"curies":[{"name":"wp","href":"https:\/\/api.w.org\/{rel}","templated":true}]}}