{"id":28934,"date":"2021-12-07T09:37:14","date_gmt":"2021-12-07T08:37:14","guid":{"rendered":"https:\/\/webprojekt711.brentex-webprojekt.ch\/?page_id=28934"},"modified":"2023-03-15T13:55:41","modified_gmt":"2023-03-15T12:55:41","slug":"transport","status":"publish","type":"page","link":"https:\/\/www.alliancetransport.ch\/en\/transport\/","title":{"rendered":"Transport"},"content":{"rendered":"<div data-elementor-type=\"wp-page\" data-elementor-id=\"28934\" class=\"elementor elementor-28934\" data-elementor-post-type=\"page\">\n\t\t\t\t\t\t<section class=\"elementor-section elementor-top-section elementor-element elementor-element-d7ecab6 elementor-section-height-min-height elementor-section-boxed elementor-section-height-default elementor-section-items-middle\" data-id=\"d7ecab6\" data-element_type=\"section\" data-settings=\"{&quot;background_background&quot;:&quot;classic&quot;,&quot;_ha_eqh_enable&quot;:false}\">\n\t\t\t\t\t\t\t<div class=\"elementor-background-overlay\"><\/div>\n\t\t\t\t\t\t\t<div class=\"elementor-container elementor-column-gap-default\">\n\t\t\t\t\t<div class=\"elementor-column elementor-col-100 elementor-top-column elementor-element elementor-element-1f94b98\" data-id=\"1f94b98\" data-element_type=\"column\">\n\t\t\t<div class=\"elementor-widget-wrap elementor-element-populated\">\n\t\t\t\t\t\t<div class=\"elementor-element elementor-element-b8a177f elementor-widget elementor-widget-heading\" data-id=\"b8a177f\" data-element_type=\"widget\" data-widget_type=\"heading.default\">\n\t\t\t\t<div class=\"elementor-widget-container\">\n\t\t\t<h2 class=\"elementor-heading-title elementor-size-default\">Transport <\/h2>\t\t<\/div>\n\t\t\t\t<\/div>\n\t\t\t\t<div class=\"elementor-element elementor-element-d43fc0e elementor-widget-divider--view-line elementor-widget elementor-widget-divider\" data-id=\"d43fc0e\" data-element_type=\"widget\" data-widget_type=\"divider.default\">\n\t\t\t\t<div class=\"elementor-widget-container\">\n\t\t\t\t\t<div class=\"elementor-divider\">\n\t\t\t<span class=\"elementor-divider-separator\">\n\t\t\t\t\t\t<\/span>\n\t\t<\/div>\n\t\t\t\t<\/div>\n\t\t\t\t<\/div>\n\t\t\t\t<div class=\"elementor-element elementor-element-555b054 elementor-widget elementor-widget-text-editor\" data-id=\"555b054\" data-element_type=\"widget\" data-widget_type=\"text-editor.default\">\n\t\t\t\t<div class=\"elementor-widget-container\">\n\t\t\t\t\t\t\t<p><strong>Since 2013, we have been transporting goods of various sizes and types in Switzerland and internationally.<\/strong><\/p><p>We have two fleets, which consist of over 70 powerful vehicles. Be it normal general cargo, dangerous goods, refrigerated, or container transports - Alliance Transport AG is equipped and has the necessary capacity to accept and fulfill any request at any time.<\/p>\t\t\t\t\t\t<\/div>\n\t\t\t\t<\/div>\n\t\t\t\t\t<\/div>\n\t\t<\/div>\n\t\t\t\t\t<\/div>\n\t\t<\/section>\n\t\t\t\t<section class=\"elementor-section elementor-top-section elementor-element elementor-element-0b1be85 elementor-section-boxed elementor-section-height-default elementor-section-height-default\" data-id=\"0b1be85\" data-element_type=\"section\" data-settings=\"{&quot;_ha_eqh_enable&quot;:false}\">\n\t\t\t\t\t\t<div class=\"elementor-container elementor-column-gap-default\">\n\t\t\t\t\t<div class=\"elementor-column elementor-col-50 elementor-top-column elementor-element elementor-element-0302e3d\" data-id=\"0302e3d\" data-element_type=\"column\">\n\t\t\t<div class=\"elementor-widget-wrap elementor-element-populated\">\n\t\t\t\t\t\t<div class=\"elementor-element elementor-element-5ebe67a elementor-widget elementor-widget-heading\" data-id=\"5ebe67a\" data-element_type=\"widget\" data-widget_type=\"heading.default\">\n\t\t\t\t<div class=\"elementor-widget-container\">\n\t\t\t<h2 class=\"elementor-heading-title elementor-size-default\">Unstoppable on the Road!<\/h2>\t\t<\/div>\n\t\t\t\t<\/div>\n\t\t\t\t<div class=\"elementor-element elementor-element-da3c2ad elementor-widget-divider--view-line elementor-widget elementor-widget-divider\" data-id=\"da3c2ad\" data-element_type=\"widget\" data-widget_type=\"divider.default\">\n\t\t\t\t<div class=\"elementor-widget-container\">\n\t\t\t\t\t<div class=\"elementor-divider\">\n\t\t\t<span class=\"elementor-divider-separator\">\n\t\t\t\t\t\t<\/span>\n\t\t<\/div>\n\t\t\t\t<\/div>\n\t\t\t\t<\/div>\n\t\t\t\t<div class=\"elementor-element elementor-element-9a8c3f4 elementor-widget elementor-widget-text-editor\" data-id=\"9a8c3f4\" data-element_type=\"widget\" data-widget_type=\"text-editor.default\">\n\t\t\t\t<div class=\"elementor-widget-container\">\n\t\t\t\t\t\t\tPunctuality, safety, reliability, as well as compliance with any specific transport standards, are features that characterize our transports. Furthermore, you benefit from an accessible and comprehensive service, which always informs you transparently and in detail. If you wish, we will also ship your goods to your desired transshipment station.\t\t\t\t\t\t<\/div>\n\t\t\t\t<\/div>\n\t\t\t\t<div class=\"elementor-element elementor-element-8fc678c elementor-widget elementor-widget-text-editor\" data-id=\"8fc678c\" data-element_type=\"widget\" data-widget_type=\"text-editor.default\">\n\t\t\t\t<div class=\"elementor-widget-container\">\n\t\t\t\t\t\t\tAlliance Transport can handle on-site repairs flexibly and quickly if needed.\t\t\t\t\t\t<\/div>\n\t\t\t\t<\/div>\n\t\t\t\t\t<\/div>\n\t\t<\/div>\n\t\t\t\t<div class=\"elementor-column elementor-col-50 elementor-top-column elementor-element elementor-element-5475874\" data-id=\"5475874\" data-element_type=\"column\">\n\t\t\t<div class=\"elementor-widget-wrap elementor-element-populated\">\n\t\t\t\t\t\t<div class=\"elementor-element elementor-element-63c4f7f elementor--h-position-center elementor--v-position-middle elementor-widget elementor-widget-slides\" data-id=\"63c4f7f\" data-element_type=\"widget\" data-settings=\"{&quot;navigation&quot;:&quot;none&quot;,&quot;autoplay&quot;:&quot;yes&quot;,&quot;autoplay_speed&quot;:5000,&quot;infinite&quot;:&quot;yes&quot;,&quot;transition&quot;:&quot;slide&quot;,&quot;transition_speed&quot;:500}\" data-widget_type=\"slides.default\">\n\t\t\t\t<div class=\"elementor-widget-container\">\n\t\t\t\t\t<div class=\"elementor-swiper\">\n\t\t\t<div class=\"elementor-slides-wrapper elementor-main-swiper swiper\" dir=\"ltr\" data-animation=\"fadeInUp\">\n\t\t\t\t<div class=\"swiper-wrapper elementor-slides\">\n\t\t\t\t\t\t\t\t\t\t<div class=\"elementor-repeater-item-a14f4e0 swiper-slide\"><div class=\"swiper-slide-bg\" role=\"img\"><\/div><div class=\"swiper-slide-inner\" ><div class=\"swiper-slide-contents\"><\/div><\/div><\/div><div class=\"elementor-repeater-item-3384456 swiper-slide\"><div class=\"swiper-slide-bg\" role=\"img\"><\/div><div class=\"swiper-slide-inner\" ><div class=\"swiper-slide-contents\"><\/div><\/div><\/div><div class=\"elementor-repeater-item-434ed7b swiper-slide\"><div class=\"swiper-slide-bg\" role=\"img\"><\/div><div class=\"swiper-slide-inner\" ><div class=\"swiper-slide-contents\"><\/div><\/div><\/div>\t\t\t\t<\/div>\n\t\t\t\t\t\t\t\t\t\t\t\t\t\t\t\t\t\t\t\t\t<\/div>\n\t\t<\/div>\n\t\t\t\t<\/div>\n\t\t\t\t<\/div>\n\t\t\t\t\t<\/div>\n\t\t<\/div>\n\t\t\t\t\t<\/div>\n\t\t<\/section>\n\t\t\t\t<section class=\"elementor-section elementor-top-section elementor-element elementor-element-b363e2e elementor-section-boxed elementor-section-height-default elementor-section-height-default\" data-id=\"b363e2e\" data-element_type=\"section\" data-settings=\"{&quot;_ha_eqh_enable&quot;:false}\">\n\t\t\t\t\t\t<div class=\"elementor-container elementor-column-gap-default\">\n\t\t\t\t\t<div class=\"elementor-column elementor-col-50 elementor-top-column elementor-element elementor-element-537d32b\" data-id=\"537d32b\" data-element_type=\"column\">\n\t\t\t<div class=\"elementor-widget-wrap elementor-element-populated\">\n\t\t\t\t\t\t<div class=\"elementor-element elementor-element-32412c3 elementor-cta--valign-top elementor-cta--skin-classic elementor-widget elementor-widget-call-to-action\" data-id=\"32412c3\" data-element_type=\"widget\" data-widget_type=\"call-to-action.default\">\n\t\t\t\t<div class=\"elementor-widget-container\">\n\t\t\t\t\t<a class=\"elementor-cta\" href=\"https:\/\/www.alliancetransport.ch\/stuckguttransport\/\">\n\t\t\t\t\t<div class=\"elementor-cta__bg-wrapper\">\n\t\t\t\t<div class=\"elementor-cta__bg elementor-bg\" style=\"background-image: url(https:\/\/www.alliancetransport.ch\/wp-content\/uploads\/2022\/02\/stuckgut-1-e1645380147568-1536x810.jpg);\" role=\"img\" aria-label=\"Alliance Transports AG\"><\/div>\n\t\t\t\t<div class=\"elementor-cta__bg-overlay\"><\/div>\n\t\t\t<\/div>\n\t\t\t\t\t\t\t<div class=\"elementor-cta__content\">\n\t\t\t\t\n\t\t\t\t\t\t\t\t\t<h2 class=\"elementor-cta__title elementor-cta__content-item elementor-content-item\">\n\t\t\t\t\t\tGeneral cargo transport\t\t\t\t\t<\/h2>\n\t\t\t\t\n\t\t\t\t\n\t\t\t\t\t\t\t<\/div>\n\t\t\t\t\t\t<\/a>\n\t\t\t\t<\/div>\n\t\t\t\t<\/div>\n\t\t\t\t<div class=\"elementor-element elementor-element-2988aa9 elementor-cta--valign-top elementor-cta--skin-classic elementor-widget elementor-widget-call-to-action\" data-id=\"2988aa9\" data-element_type=\"widget\" data-widget_type=\"call-to-action.default\">\n\t\t\t\t<div class=\"elementor-widget-container\">\n\t\t\t\t\t<a class=\"elementor-cta\" href=\"https:\/\/www.alliancetransport.ch\/kuhltransport\/\">\n\t\t\t\t\t<div class=\"elementor-cta__bg-wrapper\">\n\t\t\t\t<div class=\"elementor-cta__bg elementor-bg\" style=\"background-image: url(https:\/\/www.alliancetransport.ch\/wp-content\/uploads\/2022\/02\/kuhltransport-1024x576.jpg);\" role=\"img\" aria-label=\"Alliance Transports AG\"><\/div>\n\t\t\t\t<div class=\"elementor-cta__bg-overlay\"><\/div>\n\t\t\t<\/div>\n\t\t\t\t\t\t\t<div class=\"elementor-cta__content\">\n\t\t\t\t\n\t\t\t\t\t\t\t\t\t<h2 class=\"elementor-cta__title elementor-cta__content-item elementor-content-item\">\n\t\t\t\t\t\tOur Refrigerated transport are\t\t\t\t\t<\/h2>\n\t\t\t\t\n\t\t\t\t\n\t\t\t\t\t\t\t<\/div>\n\t\t\t\t\t\t<\/a>\n\t\t\t\t<\/div>\n\t\t\t\t<\/div>\n\t\t\t\t\t<\/div>\n\t\t<\/div>\n\t\t\t\t<div class=\"elementor-column elementor-col-50 elementor-top-column elementor-element elementor-element-f991846\" data-id=\"f991846\" data-element_type=\"column\">\n\t\t\t<div class=\"elementor-widget-wrap elementor-element-populated\">\n\t\t\t\t\t\t<div class=\"elementor-element elementor-element-9590e7d elementor-cta--valign-top elementor-cta--skin-classic elementor-widget elementor-widget-call-to-action\" data-id=\"9590e7d\" data-element_type=\"widget\" data-widget_type=\"call-to-action.default\">\n\t\t\t\t<div class=\"elementor-widget-container\">\n\t\t\t\t\t<a class=\"elementor-cta\" href=\"https:\/\/www.alliancetransport.ch\/gefahrguttransport\/\">\n\t\t\t\t\t<div class=\"elementor-cta__bg-wrapper\">\n\t\t\t\t<div class=\"elementor-cta__bg elementor-bg\" style=\"background-image: url(https:\/\/www.alliancetransport.ch\/wp-content\/uploads\/2022\/02\/gefahrguttransport-1024x576.jpg);\" role=\"img\" aria-label=\"Alliance Transports AG\"><\/div>\n\t\t\t\t<div class=\"elementor-cta__bg-overlay\"><\/div>\n\t\t\t<\/div>\n\t\t\t\t\t\t\t<div class=\"elementor-cta__content\">\n\t\t\t\t\n\t\t\t\t\t\t\t\t\t<h2 class=\"elementor-cta__title elementor-cta__content-item elementor-content-item\">\n\t\t\t\t\t\tTransport of dangerous goods\t\t\t\t\t<\/h2>\n\t\t\t\t\n\t\t\t\t\n\t\t\t\t\t\t\t<\/div>\n\t\t\t\t\t\t<\/a>\n\t\t\t\t<\/div>\n\t\t\t\t<\/div>\n\t\t\t\t<div class=\"elementor-element elementor-element-e30300a elementor-cta--valign-top elementor-cta--skin-classic elementor-widget elementor-widget-call-to-action\" data-id=\"e30300a\" data-element_type=\"widget\" data-widget_type=\"call-to-action.default\">\n\t\t\t\t<div class=\"elementor-widget-container\">\n\t\t\t\t\t<a class=\"elementor-cta\" href=\"https:\/\/www.alliancetransport.ch\/containertransport\/\">\n\t\t\t\t\t<div class=\"elementor-cta__bg-wrapper\">\n\t\t\t\t<div class=\"elementor-cta__bg elementor-bg\" style=\"background-image: url(https:\/\/www.alliancetransport.ch\/wp-content\/uploads\/2022\/02\/container-1024x576.jpg);\" role=\"img\" aria-label=\"Alliance Transports AG\"><\/div>\n\t\t\t\t<div class=\"elementor-cta__bg-overlay\"><\/div>\n\t\t\t<\/div>\n\t\t\t\t\t\t\t<div class=\"elementor-cta__content\">\n\t\t\t\t\n\t\t\t\t\t\t\t\t\t<h2 class=\"elementor-cta__title elementor-cta__content-item elementor-content-item\">\n\t\t\t\t\t\tContainer transport\t\t\t\t\t<\/h2>\n\t\t\t\t\n\t\t\t\t\n\t\t\t\t\t\t\t<\/div>\n\t\t\t\t\t\t<\/a>\n\t\t\t\t<\/div>\n\t\t\t\t<\/div>\n\t\t\t\t\t<\/div>\n\t\t<\/div>\n\t\t\t\t\t<\/div>\n\t\t<\/section>\n\t\t\t\t<section class=\"elementor-section elementor-top-section elementor-element elementor-element-29b821a elementor-section-height-min-height elementor-section-boxed elementor-section-height-default elementor-section-items-middle\" data-id=\"29b821a\" data-element_type=\"section\" data-settings=\"{&quot;background_background&quot;:&quot;classic&quot;,&quot;background_motion_fx_motion_fx_scrolling&quot;:&quot;yes&quot;,&quot;background_motion_fx_translateY_effect&quot;:&quot;yes&quot;,&quot;background_motion_fx_translateY_speed&quot;:{&quot;unit&quot;:&quot;px&quot;,&quot;size&quot;:4,&quot;sizes&quot;:[]},&quot;background_motion_fx_translateY_affectedRange&quot;:{&quot;unit&quot;:&quot;%&quot;,&quot;size&quot;:&quot;&quot;,&quot;sizes&quot;:{&quot;start&quot;:0,&quot;end&quot;:100}},&quot;background_motion_fx_devices&quot;:[&quot;desktop&quot;,&quot;tablet&quot;,&quot;mobile&quot;],&quot;_ha_eqh_enable&quot;:false}\">\n\t\t\t\t\t\t\t<div class=\"elementor-background-overlay\"><\/div>\n\t\t\t\t\t\t\t<div class=\"elementor-container elementor-column-gap-default\">\n\t\t\t\t\t<div class=\"elementor-column elementor-col-100 elementor-top-column elementor-element elementor-element-4aa6468\" data-id=\"4aa6468\" data-element_type=\"column\">\n\t\t\t<div class=\"elementor-widget-wrap elementor-element-populated\">\n\t\t\t\t\t\t<div class=\"elementor-element elementor-element-8ed5cdd elementor-widget elementor-widget-heading\" data-id=\"8ed5cdd\" data-element_type=\"widget\" data-widget_type=\"heading.default\">\n\t\t\t\t<div class=\"elementor-widget-container\">\n\t\t\t<h2 class=\"elementor-heading-title elementor-size-default\">We Are Here for You!<\/h2>\t\t<\/div>\n\t\t\t\t<\/div>\n\t\t\t\t<div class=\"elementor-element elementor-element-72637d6 elementor-widget-divider--view-line elementor-widget elementor-widget-divider\" data-id=\"72637d6\" data-element_type=\"widget\" data-widget_type=\"divider.default\">\n\t\t\t\t<div class=\"elementor-widget-container\">\n\t\t\t\t\t<div class=\"elementor-divider\">\n\t\t\t<span class=\"elementor-divider-separator\">\n\t\t\t\t\t\t<\/span>\n\t\t<\/div>\n\t\t\t\t<\/div>\n\t\t\t\t<\/div>\n\t\t\t\t<div class=\"elementor-element elementor-element-f92c120 elementor-widget elementor-widget-text-editor\" data-id=\"f92c120\" data-element_type=\"widget\" data-widget_type=\"text-editor.default\">\n\t\t\t\t<div class=\"elementor-widget-container\">\n\t\t\t\t\t\t\tFeel free to contact us if you would like more information about our services or a quote. We will be happy to assist you and advise you without hesitation.\t\t\t\t\t\t<\/div>\n\t\t\t\t<\/div>\n\t\t\t\t<div class=\"elementor-element elementor-element-62d45fd elementor-align-center elementor-widget elementor-widget-button\" data-id=\"62d45fd\" data-element_type=\"widget\" data-widget_type=\"button.default\">\n\t\t\t\t<div class=\"elementor-widget-container\">\n\t\t\t\t\t<div class=\"elementor-button-wrapper\">\n\t\t\t<a class=\"elementor-button elementor-button-link elementor-size-sm\" href=\"https:\/\/www.alliancetransport.ch\/kontakt\/\">\n\t\t\t\t\t\t<span class=\"elementor-button-content-wrapper\">\n\t\t\t\t\t\t<span class=\"elementor-button-icon\">\n\t\t\t\t<i aria-hidden=\"true\" class=\"fas fa-chevron-circle-right\"><\/i>\t\t\t<\/span>\n\t\t\t\t\t\t\t\t\t<span class=\"elementor-button-text\">Contact now<\/span>\n\t\t\t\t\t<\/span>\n\t\t\t\t\t<\/a>\n\t\t<\/div>\n\t\t\t\t<\/div>\n\t\t\t\t<\/div>\n\t\t\t\t\t<\/div>\n\t\t<\/div>\n\t\t\t\t\t<\/div>\n\t\t<\/section>\n\t\t\t\t<\/div>","protected":false},"excerpt":{"rendered":"<p>Transport Seit 2013 transportieren wir G\u00fcter verschiedenster Gr\u00f6ssen und Art in der Schweiz und international. Wir verf\u00fcgen \u00fcber zwei Fuhrparke, welche aus \u00fcber 70 leistungsstarken Fahrzeugen bestehen. Seien es normale St\u00fcckgut-, Gefahrgut-, K\u00fchl- oder Containertransporte &#8211; Die Alliance Transport AG ist ger\u00fcstet und hat die n\u00f6tige Kapazit\u00e4t, um jegliche Anfragen jederzeit annehmen und erf\u00fcllen zu [&hellip;]<\/p>","protected":false},"author":2,"featured_media":34045,"parent":0,"menu_order":2,"comment_status":"closed","ping_status":"closed","template":"elementor_header_footer","meta":{"footnotes":""},"yoast_head":"<!-- This site is optimized with the Yoast SEO plugin v23.0 - https:\/\/yoast.com\/wordpress\/plugins\/seo\/ -->\n<title>Transport - Alliance Transport<\/title>\n<meta name=\"description\" content=\"P\u00fcnktlichkeit, Sicherheit und Zuverl\u00e4ssigkeit, sowie das Einhalten jeglicher spezifischen Transport-Normen sind Aspekte, welche unsere...\" \/>\n<meta name=\"robots\" content=\"index, follow, max-snippet:-1, max-image-preview:large, max-video-preview:-1\" \/>\n<link rel=\"canonical\" href=\"https:\/\/www.alliancetransport.ch\/en\/transport\/\" \/>\n<meta property=\"og:locale\" content=\"en_US\" \/>\n<meta property=\"og:type\" content=\"article\" \/>\n<meta property=\"og:title\" content=\"Transport - Alliance Transport\" \/>\n<meta property=\"og:description\" content=\"P\u00fcnktlichkeit, Sicherheit und Zuverl\u00e4ssigkeit, sowie das Einhalten jeglicher spezifischen Transport-Normen sind Aspekte, welche unsere...\" \/>\n<meta property=\"og:url\" content=\"https:\/\/www.alliancetransport.ch\/en\/transport\/\" \/>\n<meta property=\"og:site_name\" content=\"Alliance Transport\" \/>\n<meta property=\"article:modified_time\" content=\"2023-03-15T12:55:41+00:00\" \/>\n<meta property=\"og:image\" content=\"https:\/\/www.alliancetransport.ch\/wp-content\/uploads\/2022\/02\/Zeichenflache-1A-T-AG-1024x1024-1.jpg\" \/>\n\t<meta property=\"og:image:width\" content=\"1024\" \/>\n\t<meta property=\"og:image:height\" content=\"1024\" \/>\n\t<meta property=\"og:image:type\" content=\"image\/jpeg\" \/>\n<meta name=\"twitter:card\" content=\"summary_large_image\" \/>\n<meta name=\"twitter:label1\" content=\"Est. reading time\" \/>\n\t<meta name=\"twitter:data1\" content=\"1 minute\" \/>\n<script type=\"application\/ld+json\" class=\"yoast-schema-graph\">{\"@context\":\"https:\/\/schema.org\",\"@graph\":[{\"@type\":\"WebPage\",\"@id\":\"https:\/\/www.alliancetransport.ch\/transport\/\",\"url\":\"https:\/\/www.alliancetransport.ch\/transport\/\",\"name\":\"Transport - Alliance Transport\",\"isPartOf\":{\"@id\":\"https:\/\/www.alliancetransport.ch\/#website\"},\"primaryImageOfPage\":{\"@id\":\"https:\/\/www.alliancetransport.ch\/transport\/#primaryimage\"},\"image\":{\"@id\":\"https:\/\/www.alliancetransport.ch\/transport\/#primaryimage\"},\"thumbnailUrl\":\"https:\/\/www.alliancetransport.ch\/wp-content\/uploads\/2022\/02\/Zeichenflache-1A-T-AG-1024x1024-1.jpg\",\"datePublished\":\"2021-12-07T08:37:14+00:00\",\"dateModified\":\"2023-03-15T12:55:41+00:00\",\"description\":\"P\u00fcnktlichkeit, Sicherheit und Zuverl\u00e4ssigkeit, sowie das Einhalten jeglicher spezifischen Transport-Normen sind Aspekte, welche unsere...\",\"breadcrumb\":{\"@id\":\"https:\/\/www.alliancetransport.ch\/transport\/#breadcrumb\"},\"inLanguage\":\"en-US\",\"potentialAction\":[{\"@type\":\"ReadAction\",\"target\":[\"https:\/\/www.alliancetransport.ch\/transport\/\"]}]},{\"@type\":\"ImageObject\",\"inLanguage\":\"en-US\",\"@id\":\"https:\/\/www.alliancetransport.ch\/transport\/#primaryimage\",\"url\":\"https:\/\/www.alliancetransport.ch\/wp-content\/uploads\/2022\/02\/Zeichenflache-1A-T-AG-1024x1024-1.jpg\",\"contentUrl\":\"https:\/\/www.alliancetransport.ch\/wp-content\/uploads\/2022\/02\/Zeichenflache-1A-T-AG-1024x1024-1.jpg\",\"width\":1024,\"height\":1024},{\"@type\":\"BreadcrumbList\",\"@id\":\"https:\/\/www.alliancetransport.ch\/transport\/#breadcrumb\",\"itemListElement\":[{\"@type\":\"ListItem\",\"position\":1,\"name\":\"Home\",\"item\":\"https:\/\/www.alliancetransport.ch\/\"},{\"@type\":\"ListItem\",\"position\":2,\"name\":\"Transport\"}]},{\"@type\":\"WebSite\",\"@id\":\"https:\/\/www.alliancetransport.ch\/#website\",\"url\":\"https:\/\/www.alliancetransport.ch\/\",\"name\":\"Alliance Transport\",\"description\":\"Home\",\"inLanguage\":\"en-US\"}]}<\/script>\n<!-- \/ Yoast SEO plugin. -->","yoast_head_json":{"title":"Transport - Alliance Transport","description":"P\u00fcnktlichkeit, Sicherheit und Zuverl\u00e4ssigkeit, sowie das Einhalten jeglicher spezifischen Transport-Normen sind Aspekte, welche unsere...","robots":{"index":"index","follow":"follow","max-snippet":"max-snippet:-1","max-image-preview":"max-image-preview:large","max-video-preview":"max-video-preview:-1"},"canonical":"https:\/\/www.alliancetransport.ch\/en\/transport\/","og_locale":"en_US","og_type":"article","og_title":"Transport - Alliance Transport","og_description":"P\u00fcnktlichkeit, Sicherheit und Zuverl\u00e4ssigkeit, sowie das Einhalten jeglicher spezifischen Transport-Normen sind Aspekte, welche unsere...","og_url":"https:\/\/www.alliancetransport.ch\/en\/transport\/","og_site_name":"Alliance Transport","article_modified_time":"2023-03-15T12:55:41+00:00","og_image":[{"width":1024,"height":1024,"url":"https:\/\/www.alliancetransport.ch\/wp-content\/uploads\/2022\/02\/Zeichenflache-1A-T-AG-1024x1024-1.jpg","type":"image\/jpeg"}],"twitter_card":"summary_large_image","twitter_misc":{"Est. reading time":"1 minute"},"schema":{"@context":"https:\/\/schema.org","@graph":[{"@type":"WebPage","@id":"https:\/\/www.alliancetransport.ch\/transport\/","url":"https:\/\/www.alliancetransport.ch\/transport\/","name":"Transport - Alliance Transport","isPartOf":{"@id":"https:\/\/www.alliancetransport.ch\/#website"},"primaryImageOfPage":{"@id":"https:\/\/www.alliancetransport.ch\/transport\/#primaryimage"},"image":{"@id":"https:\/\/www.alliancetransport.ch\/transport\/#primaryimage"},"thumbnailUrl":"https:\/\/www.alliancetransport.ch\/wp-content\/uploads\/2022\/02\/Zeichenflache-1A-T-AG-1024x1024-1.jpg","datePublished":"2021-12-07T08:37:14+00:00","dateModified":"2023-03-15T12:55:41+00:00","description":"P\u00fcnktlichkeit, Sicherheit und Zuverl\u00e4ssigkeit, sowie das Einhalten jeglicher spezifischen Transport-Normen sind Aspekte, welche unsere...","breadcrumb":{"@id":"https:\/\/www.alliancetransport.ch\/transport\/#breadcrumb"},"inLanguage":"en-US","potentialAction":[{"@type":"ReadAction","target":["https:\/\/www.alliancetransport.ch\/transport\/"]}]},{"@type":"ImageObject","inLanguage":"en-US","@id":"https:\/\/www.alliancetransport.ch\/transport\/#primaryimage","url":"https:\/\/www.alliancetransport.ch\/wp-content\/uploads\/2022\/02\/Zeichenflache-1A-T-AG-1024x1024-1.jpg","contentUrl":"https:\/\/www.alliancetransport.ch\/wp-content\/uploads\/2022\/02\/Zeichenflache-1A-T-AG-1024x1024-1.jpg","width":1024,"height":1024},{"@type":"BreadcrumbList","@id":"https:\/\/www.alliancetransport.ch\/transport\/#breadcrumb","itemListElement":[{"@type":"ListItem","position":1,"name":"Home","item":"https:\/\/www.alliancetransport.ch\/"},{"@type":"ListItem","position":2,"name":"Transport"}]},{"@type":"WebSite","@id":"https:\/\/www.alliancetransport.ch\/#website","url":"https:\/\/www.alliancetransport.ch\/","name":"Alliance Transport","description":"Home","inLanguage":"en-US"}]}},"_links":{"self":[{"href":"https:\/\/www.alliancetransport.ch\/en\/wp-json\/wp\/v2\/pages\/28934"}],"collection":[{"href":"https:\/\/www.alliancetransport.ch\/en\/wp-json\/wp\/v2\/pages"}],"about":[{"href":"https:\/\/www.alliancetransport.ch\/en\/wp-json\/wp\/v2\/types\/page"}],"author":[{"embeddable":true,"href":"https:\/\/www.alliancetransport.ch\/en\/wp-json\/wp\/v2\/users\/2"}],"replies":[{"embeddable":true,"href":"https:\/\/www.alliancetransport.ch\/en\/wp-json\/wp\/v2\/comments?post=28934"}],"version-history":[{"count":357,"href":"https:\/\/www.alliancetransport.ch\/en\/wp-json\/wp\/v2\/pages\/28934\/revisions"}],"predecessor-version":[{"id":34475,"href":"https:\/\/www.alliancetransport.ch\/en\/wp-json\/wp\/v2\/pages\/28934\/revisions\/34475"}],"wp:featuredmedia":[{"embeddable":true,"href":"https:\/\/www.alliancetransport.ch\/en\/wp-json\/wp\/v2\/media\/34045"}],"wp:attachment":[{"href":"https:\/\/www.alliancetransport.ch\/en\/wp-json\/wp\/v2\/media?parent=28934"}],"curies":[{"name":"wp","href":"https:\/\/api.w.org\/{rel}","templated":true}]}}