{"id":28955,"date":"2021-12-07T09:41:31","date_gmt":"2021-12-07T08:41:31","guid":{"rendered":"https:\/\/webprojekt711.brentex-webprojekt.ch\/?page_id=28955"},"modified":"2023-03-15T13:59:54","modified_gmt":"2023-03-15T12:59:54","slug":"news","status":"publish","type":"page","link":"https:\/\/www.alliancetransport.ch\/en\/news\/","title":{"rendered":"News"},"content":{"rendered":"<div data-elementor-type=\"wp-page\" data-elementor-id=\"28955\" class=\"elementor elementor-28955\" data-elementor-post-type=\"page\">\n\t\t\t\t\t\t<section class=\"elementor-section elementor-top-section elementor-element elementor-element-f4669aa elementor-section-height-min-height elementor-section-boxed elementor-section-height-default elementor-section-items-middle\" data-id=\"f4669aa\" data-element_type=\"section\" data-settings=\"{&quot;background_background&quot;:&quot;classic&quot;,&quot;_ha_eqh_enable&quot;:false}\">\n\t\t\t\t\t\t\t<div class=\"elementor-background-overlay\"><\/div>\n\t\t\t\t\t\t\t<div class=\"elementor-container elementor-column-gap-default\">\n\t\t\t\t\t<div class=\"elementor-column elementor-col-100 elementor-top-column elementor-element elementor-element-153e1af\" data-id=\"153e1af\" data-element_type=\"column\">\n\t\t\t<div class=\"elementor-widget-wrap elementor-element-populated\">\n\t\t\t\t\t\t<div class=\"elementor-element elementor-element-c5b0944 elementor-widget elementor-widget-heading\" data-id=\"c5b0944\" data-element_type=\"widget\" data-widget_type=\"heading.default\">\n\t\t\t\t<div class=\"elementor-widget-container\">\n\t\t\t<h2 class=\"elementor-heading-title elementor-size-default\">News<\/h2>\t\t<\/div>\n\t\t\t\t<\/div>\n\t\t\t\t<div class=\"elementor-element elementor-element-bd5af2d elementor-widget-divider--view-line elementor-widget elementor-widget-divider\" data-id=\"bd5af2d\" data-element_type=\"widget\" data-widget_type=\"divider.default\">\n\t\t\t\t<div class=\"elementor-widget-container\">\n\t\t\t\t\t<div class=\"elementor-divider\">\n\t\t\t<span class=\"elementor-divider-separator\">\n\t\t\t\t\t\t<\/span>\n\t\t<\/div>\n\t\t\t\t<\/div>\n\t\t\t\t<\/div>\n\t\t\t\t\t<\/div>\n\t\t<\/div>\n\t\t\t\t\t<\/div>\n\t\t<\/section>\n\t\t\t\t<section class=\"elementor-section elementor-top-section elementor-element elementor-element-f67fc66 elementor-section-boxed elementor-section-height-default elementor-section-height-default\" data-id=\"f67fc66\" data-element_type=\"section\" data-settings=\"{&quot;_ha_eqh_enable&quot;:false}\">\n\t\t\t\t\t\t<div class=\"elementor-container elementor-column-gap-default\">\n\t\t\t\t\t<div class=\"elementor-column elementor-col-100 elementor-top-column elementor-element elementor-element-3f13768\" data-id=\"3f13768\" data-element_type=\"column\">\n\t\t\t<div class=\"elementor-widget-wrap elementor-element-populated\">\n\t\t\t\t\t\t<div class=\"elementor-element elementor-element-9295ba5 elementor-grid-1 elementor-posts--thumbnail-left elementor-posts--align-left elementor-grid-tablet-1 elementor-grid-mobile-1 elementor-widget elementor-widget-posts\" data-id=\"9295ba5\" data-element_type=\"widget\" data-settings=\"{&quot;classic_columns&quot;:&quot;1&quot;,&quot;classic_row_gap&quot;:{&quot;unit&quot;:&quot;px&quot;,&quot;size&quot;:40,&quot;sizes&quot;:[]},&quot;classic_columns_tablet&quot;:&quot;1&quot;,&quot;classic_columns_mobile&quot;:&quot;1&quot;,&quot;classic_row_gap_tablet&quot;:{&quot;unit&quot;:&quot;px&quot;,&quot;size&quot;:&quot;&quot;,&quot;sizes&quot;:[]},&quot;classic_row_gap_mobile&quot;:{&quot;unit&quot;:&quot;px&quot;,&quot;size&quot;:&quot;&quot;,&quot;sizes&quot;:[]}}\" data-widget_type=\"posts.classic\">\n\t\t\t\t<div class=\"elementor-widget-container\">\n\t\t\t\t\t<div class=\"elementor-posts-container elementor-posts elementor-posts--skin-classic elementor-grid\">\n\t\t\t\t<article class=\"elementor-post elementor-grid-item post-34391 post type-post status-publish format-standard has-post-thumbnail hentry category-uncategorized\">\n\t\t\t\t<a class=\"elementor-post__thumbnail__link\" href=\"https:\/\/www.alliancetransport.ch\/en\/hilfsguetertransport-nach-polen-an-die-grenze-der-ukraine\/\" tabindex=\"-1\" >\n\t\t\t<div class=\"elementor-post__thumbnail\"><img fetchpriority=\"high\" decoding=\"async\" width=\"800\" height=\"481\" src=\"https:\/\/www.alliancetransport.ch\/wp-content\/uploads\/2022\/05\/PHOTO-2022-04-27-11-41-07-6-e1652773781951.jpg\" class=\"attachment-large size-large wp-image-34276\" alt=\"\" srcset=\"https:\/\/www.alliancetransport.ch\/wp-content\/uploads\/2022\/05\/PHOTO-2022-04-27-11-41-07-6-e1652773781951.jpg 1024w, https:\/\/www.alliancetransport.ch\/wp-content\/uploads\/2022\/05\/PHOTO-2022-04-27-11-41-07-6-e1652773781951-300x180.jpg 300w, https:\/\/www.alliancetransport.ch\/wp-content\/uploads\/2022\/05\/PHOTO-2022-04-27-11-41-07-6-e1652773781951-768x462.jpg 768w, https:\/\/www.alliancetransport.ch\/wp-content\/uploads\/2022\/05\/PHOTO-2022-04-27-11-41-07-6-e1652773781951-18x12.jpg 18w\" sizes=\"(max-width: 800px) 100vw, 800px\" \/><\/div>\n\t\t<\/a>\n\t\t\t\t<div class=\"elementor-post__text\">\n\t\t\t\t<h6 class=\"elementor-post__title\">\n\t\t\t<a href=\"https:\/\/www.alliancetransport.ch\/en\/hilfsguetertransport-nach-polen-an-die-grenze-der-ukraine\/\" >\n\t\t\t\tHilfsg\u00fctertransport nach Polen An die Grenze der Ukraine\t\t\t<\/a>\n\t\t<\/h6>\n\t\t\t\t<div class=\"elementor-post__meta-data\">\n\t\t\t\t\t<span class=\"elementor-post-date\">\n\t\t\t23.05.2022\t\t<\/span>\n\t\t\t\t<\/div>\n\t\t\t\t<div class=\"elementor-post__excerpt\">\n\t\t\t<p>News Hilfsg\u00fctertransport nach Polen An die Grenze der Ukraine Im Auftrag der Unia haben wir einen Hilfsg\u00fctertransport nach Polen, an die Grenze der Ukraine vorgenommen. Wir sind stolz darauf, mit dem Hilfsg\u00fctertransport unseren<\/p>\n\t\t<\/div>\n\t\t\n\t\t<a class=\"elementor-post__read-more\" href=\"https:\/\/www.alliancetransport.ch\/en\/hilfsguetertransport-nach-polen-an-die-grenze-der-ukraine\/\" aria-label=\"Read more about Hilfsg\u00fctertransport nach Polen An die Grenze der Ukraine\" tabindex=\"-1\" >\n\t\t\tLearn more\t\t<\/a>\n\n\t\t\t\t<\/div>\n\t\t\t\t<\/article>\n\t\t\t\t<article class=\"elementor-post elementor-grid-item post-31947 post type-post status-publish format-standard has-post-thumbnail hentry category-uncategorized\">\n\t\t\t\t<a class=\"elementor-post__thumbnail__link\" href=\"https:\/\/www.alliancetransport.ch\/en\/sgs-zertifizierung\/\" tabindex=\"-1\" >\n\t\t\t<div class=\"elementor-post__thumbnail\"><img decoding=\"async\" width=\"768\" height=\"1024\" src=\"https:\/\/www.alliancetransport.ch\/wp-content\/uploads\/2022\/02\/23813df7-67d1-44b1-a5f2-746d2c77f7c0-768x1024.jpg\" class=\"attachment-large size-large wp-image-31840\" alt=\"\" srcset=\"https:\/\/www.alliancetransport.ch\/wp-content\/uploads\/2022\/02\/23813df7-67d1-44b1-a5f2-746d2c77f7c0-768x1023.jpg 768w, https:\/\/www.alliancetransport.ch\/wp-content\/uploads\/2022\/02\/23813df7-67d1-44b1-a5f2-746d2c77f7c0-225x300.jpg 225w, https:\/\/www.alliancetransport.ch\/wp-content\/uploads\/2022\/02\/23813df7-67d1-44b1-a5f2-746d2c77f7c0-1153x1536.jpg 1153w, https:\/\/www.alliancetransport.ch\/wp-content\/uploads\/2022\/02\/23813df7-67d1-44b1-a5f2-746d2c77f7c0-9x12.jpg 9w, https:\/\/www.alliancetransport.ch\/wp-content\/uploads\/2022\/02\/23813df7-67d1-44b1-a5f2-746d2c77f7c0.jpg 1200w\" sizes=\"(max-width: 768px) 100vw, 768px\" \/><\/div>\n\t\t<\/a>\n\t\t\t\t<div class=\"elementor-post__text\">\n\t\t\t\t<h6 class=\"elementor-post__title\">\n\t\t\t<a href=\"https:\/\/www.alliancetransport.ch\/en\/sgs-zertifizierung\/\" >\n\t\t\t\tSGS-Certification\t\t\t<\/a>\n\t\t<\/h6>\n\t\t\t\t<div class=\"elementor-post__meta-data\">\n\t\t\t\t\t<span class=\"elementor-post-date\">\n\t\t\t17.02.2022\t\t<\/span>\n\t\t\t\t<\/div>\n\t\t\t\t<div class=\"elementor-post__excerpt\">\n\t\t\t<p>News SGS CERTIFICATION Alliance Transport AG is SGS certified. Our certificate is constantly renewed to guarantee you the quality of our services. Together we strive for the highest professional standards and attach great importance to<\/p>\n\t\t<\/div>\n\t\t\n\t\t<a class=\"elementor-post__read-more\" href=\"https:\/\/www.alliancetransport.ch\/en\/sgs-zertifizierung\/\" aria-label=\"Read more about SGS-Zertifizierung\" tabindex=\"-1\" >\n\t\t\tLearn more\t\t<\/a>\n\n\t\t\t\t<\/div>\n\t\t\t\t<\/article>\n\t\t\t\t<article class=\"elementor-post elementor-grid-item post-31894 post type-post status-publish format-standard has-post-thumbnail hentry category-uncategorized\">\n\t\t\t\t<a class=\"elementor-post__thumbnail__link\" href=\"https:\/\/www.alliancetransport.ch\/en\/offene-stellen-2\/\" tabindex=\"-1\" >\n\t\t\t<div class=\"elementor-post__thumbnail\"><img decoding=\"async\" width=\"800\" height=\"600\" src=\"https:\/\/www.alliancetransport.ch\/wp-content\/uploads\/2022\/02\/037670c6-3be1-45f1-8de8-f17187addf2a.jpg\" class=\"attachment-large size-large wp-image-31841\" alt=\"\" srcset=\"https:\/\/www.alliancetransport.ch\/wp-content\/uploads\/2022\/02\/037670c6-3be1-45f1-8de8-f17187addf2a.jpg 1024w, https:\/\/www.alliancetransport.ch\/wp-content\/uploads\/2022\/02\/037670c6-3be1-45f1-8de8-f17187addf2a-300x225.jpg 300w, https:\/\/www.alliancetransport.ch\/wp-content\/uploads\/2022\/02\/037670c6-3be1-45f1-8de8-f17187addf2a-768x576.jpg 768w, https:\/\/www.alliancetransport.ch\/wp-content\/uploads\/2022\/02\/037670c6-3be1-45f1-8de8-f17187addf2a-16x12.jpg 16w\" sizes=\"(max-width: 800px) 100vw, 800px\" \/><\/div>\n\t\t<\/a>\n\t\t\t\t<div class=\"elementor-post__text\">\n\t\t\t\t<h6 class=\"elementor-post__title\">\n\t\t\t<a href=\"https:\/\/www.alliancetransport.ch\/en\/offene-stellen-2\/\" >\n\t\t\t\tVacancies\t\t\t<\/a>\n\t\t<\/h6>\n\t\t\t\t<div class=\"elementor-post__meta-data\">\n\t\t\t\t\t<span class=\"elementor-post-date\">\n\t\t\t17.02.2022\t\t<\/span>\n\t\t\t\t<\/div>\n\t\t\t\t<div class=\"elementor-post__excerpt\">\n\t\t\t<p>News Open Jobs Do you want to become part of our team and work in a positive and challenging environment? We are looking for motivated and competent employees who enrich our team and wish to fulfill our customers\u2019 wishes to the maximum<\/p>\n\t\t<\/div>\n\t\t\n\t\t<a class=\"elementor-post__read-more\" href=\"https:\/\/www.alliancetransport.ch\/en\/offene-stellen-2\/\" aria-label=\"Read more about Offene Stellen\" tabindex=\"-1\" >\n\t\t\tLearn more\t\t<\/a>\n\n\t\t\t\t<\/div>\n\t\t\t\t<\/article>\n\t\t\t\t<\/div>\n\t\t\n\t\t\t\t<\/div>\n\t\t\t\t<\/div>\n\t\t\t\t\t<\/div>\n\t\t<\/div>\n\t\t\t\t\t<\/div>\n\t\t<\/section>\n\t\t\t\t<\/div>","protected":false},"excerpt":{"rendered":"<p>News<\/p>","protected":false},"author":2,"featured_media":34045,"parent":0,"menu_order":3,"comment_status":"closed","ping_status":"closed","template":"elementor_header_footer","meta":{"footnotes":""},"yoast_head":"<!-- This site is optimized with the Yoast SEO plugin v23.0 - https:\/\/yoast.com\/wordpress\/plugins\/seo\/ -->\n<title>News - Alliance Transport<\/title>\n<meta name=\"description\" content=\"News SGS-ZERTIFIZIERUNG Die Alliance Transport AG ist SGS-zertifiziert. Unser Zertifikat wird st\u00e4ndig erneuert, um Ihnen die Qualit\u00e4t...\" \/>\n<meta name=\"robots\" content=\"index, follow, max-snippet:-1, max-image-preview:large, max-video-preview:-1\" \/>\n<link rel=\"canonical\" href=\"https:\/\/www.alliancetransport.ch\/en\/news\/\" \/>\n<meta property=\"og:locale\" content=\"en_US\" \/>\n<meta property=\"og:type\" content=\"article\" \/>\n<meta property=\"og:title\" content=\"News - Alliance Transport\" \/>\n<meta property=\"og:description\" content=\"News SGS-ZERTIFIZIERUNG Die Alliance Transport AG ist SGS-zertifiziert. Unser Zertifikat wird st\u00e4ndig erneuert, um Ihnen die Qualit\u00e4t...\" \/>\n<meta property=\"og:url\" content=\"https:\/\/www.alliancetransport.ch\/en\/news\/\" \/>\n<meta property=\"og:site_name\" content=\"Alliance Transport\" \/>\n<meta property=\"article:modified_time\" content=\"2023-03-15T12:59:54+00:00\" \/>\n<meta property=\"og:image\" content=\"https:\/\/www.alliancetransport.ch\/wp-content\/uploads\/2022\/02\/Zeichenflache-1A-T-AG-1024x1024-1.jpg\" \/>\n\t<meta property=\"og:image:width\" content=\"1024\" \/>\n\t<meta property=\"og:image:height\" content=\"1024\" \/>\n\t<meta property=\"og:image:type\" content=\"image\/jpeg\" \/>\n<meta name=\"twitter:card\" content=\"summary_large_image\" \/>\n<meta name=\"twitter:label1\" content=\"Est. reading time\" \/>\n\t<meta name=\"twitter:data1\" content=\"1 minute\" \/>\n<script type=\"application\/ld+json\" class=\"yoast-schema-graph\">{\"@context\":\"https:\/\/schema.org\",\"@graph\":[{\"@type\":\"WebPage\",\"@id\":\"https:\/\/www.alliancetransport.ch\/news\/\",\"url\":\"https:\/\/www.alliancetransport.ch\/news\/\",\"name\":\"News - Alliance Transport\",\"isPartOf\":{\"@id\":\"https:\/\/www.alliancetransport.ch\/#website\"},\"primaryImageOfPage\":{\"@id\":\"https:\/\/www.alliancetransport.ch\/news\/#primaryimage\"},\"image\":{\"@id\":\"https:\/\/www.alliancetransport.ch\/news\/#primaryimage\"},\"thumbnailUrl\":\"https:\/\/www.alliancetransport.ch\/wp-content\/uploads\/2022\/02\/Zeichenflache-1A-T-AG-1024x1024-1.jpg\",\"datePublished\":\"2021-12-07T08:41:31+00:00\",\"dateModified\":\"2023-03-15T12:59:54+00:00\",\"description\":\"News SGS-ZERTIFIZIERUNG Die Alliance Transport AG ist SGS-zertifiziert. Unser Zertifikat wird st\u00e4ndig erneuert, um Ihnen die Qualit\u00e4t...\",\"breadcrumb\":{\"@id\":\"https:\/\/www.alliancetransport.ch\/news\/#breadcrumb\"},\"inLanguage\":\"en-US\",\"potentialAction\":[{\"@type\":\"ReadAction\",\"target\":[\"https:\/\/www.alliancetransport.ch\/news\/\"]}]},{\"@type\":\"ImageObject\",\"inLanguage\":\"en-US\",\"@id\":\"https:\/\/www.alliancetransport.ch\/news\/#primaryimage\",\"url\":\"https:\/\/www.alliancetransport.ch\/wp-content\/uploads\/2022\/02\/Zeichenflache-1A-T-AG-1024x1024-1.jpg\",\"contentUrl\":\"https:\/\/www.alliancetransport.ch\/wp-content\/uploads\/2022\/02\/Zeichenflache-1A-T-AG-1024x1024-1.jpg\",\"width\":1024,\"height\":1024},{\"@type\":\"BreadcrumbList\",\"@id\":\"https:\/\/www.alliancetransport.ch\/news\/#breadcrumb\",\"itemListElement\":[{\"@type\":\"ListItem\",\"position\":1,\"name\":\"Home\",\"item\":\"https:\/\/www.alliancetransport.ch\/\"},{\"@type\":\"ListItem\",\"position\":2,\"name\":\"News\"}]},{\"@type\":\"WebSite\",\"@id\":\"https:\/\/www.alliancetransport.ch\/#website\",\"url\":\"https:\/\/www.alliancetransport.ch\/\",\"name\":\"Alliance Transport\",\"description\":\"Home\",\"inLanguage\":\"en-US\"}]}<\/script>\n<!-- \/ Yoast SEO plugin. -->","yoast_head_json":{"title":"News - Alliance Transport","description":"News SGS-ZERTIFIZIERUNG Die Alliance Transport AG ist SGS-zertifiziert. Unser Zertifikat wird st\u00e4ndig erneuert, um Ihnen die Qualit\u00e4t...","robots":{"index":"index","follow":"follow","max-snippet":"max-snippet:-1","max-image-preview":"max-image-preview:large","max-video-preview":"max-video-preview:-1"},"canonical":"https:\/\/www.alliancetransport.ch\/en\/news\/","og_locale":"en_US","og_type":"article","og_title":"News - Alliance Transport","og_description":"News SGS-ZERTIFIZIERUNG Die Alliance Transport AG ist SGS-zertifiziert. Unser Zertifikat wird st\u00e4ndig erneuert, um Ihnen die Qualit\u00e4t...","og_url":"https:\/\/www.alliancetransport.ch\/en\/news\/","og_site_name":"Alliance Transport","article_modified_time":"2023-03-15T12:59:54+00:00","og_image":[{"width":1024,"height":1024,"url":"https:\/\/www.alliancetransport.ch\/wp-content\/uploads\/2022\/02\/Zeichenflache-1A-T-AG-1024x1024-1.jpg","type":"image\/jpeg"}],"twitter_card":"summary_large_image","twitter_misc":{"Est. reading time":"1 minute"},"schema":{"@context":"https:\/\/schema.org","@graph":[{"@type":"WebPage","@id":"https:\/\/www.alliancetransport.ch\/news\/","url":"https:\/\/www.alliancetransport.ch\/news\/","name":"News - Alliance Transport","isPartOf":{"@id":"https:\/\/www.alliancetransport.ch\/#website"},"primaryImageOfPage":{"@id":"https:\/\/www.alliancetransport.ch\/news\/#primaryimage"},"image":{"@id":"https:\/\/www.alliancetransport.ch\/news\/#primaryimage"},"thumbnailUrl":"https:\/\/www.alliancetransport.ch\/wp-content\/uploads\/2022\/02\/Zeichenflache-1A-T-AG-1024x1024-1.jpg","datePublished":"2021-12-07T08:41:31+00:00","dateModified":"2023-03-15T12:59:54+00:00","description":"News SGS-ZERTIFIZIERUNG Die Alliance Transport AG ist SGS-zertifiziert. Unser Zertifikat wird st\u00e4ndig erneuert, um Ihnen die Qualit\u00e4t...","breadcrumb":{"@id":"https:\/\/www.alliancetransport.ch\/news\/#breadcrumb"},"inLanguage":"en-US","potentialAction":[{"@type":"ReadAction","target":["https:\/\/www.alliancetransport.ch\/news\/"]}]},{"@type":"ImageObject","inLanguage":"en-US","@id":"https:\/\/www.alliancetransport.ch\/news\/#primaryimage","url":"https:\/\/www.alliancetransport.ch\/wp-content\/uploads\/2022\/02\/Zeichenflache-1A-T-AG-1024x1024-1.jpg","contentUrl":"https:\/\/www.alliancetransport.ch\/wp-content\/uploads\/2022\/02\/Zeichenflache-1A-T-AG-1024x1024-1.jpg","width":1024,"height":1024},{"@type":"BreadcrumbList","@id":"https:\/\/www.alliancetransport.ch\/news\/#breadcrumb","itemListElement":[{"@type":"ListItem","position":1,"name":"Home","item":"https:\/\/www.alliancetransport.ch\/"},{"@type":"ListItem","position":2,"name":"News"}]},{"@type":"WebSite","@id":"https:\/\/www.alliancetransport.ch\/#website","url":"https:\/\/www.alliancetransport.ch\/","name":"Alliance Transport","description":"Home","inLanguage":"en-US"}]}},"_links":{"self":[{"href":"https:\/\/www.alliancetransport.ch\/en\/wp-json\/wp\/v2\/pages\/28955"}],"collection":[{"href":"https:\/\/www.alliancetransport.ch\/en\/wp-json\/wp\/v2\/pages"}],"about":[{"href":"https:\/\/www.alliancetransport.ch\/en\/wp-json\/wp\/v2\/types\/page"}],"author":[{"embeddable":true,"href":"https:\/\/www.alliancetransport.ch\/en\/wp-json\/wp\/v2\/users\/2"}],"replies":[{"embeddable":true,"href":"https:\/\/www.alliancetransport.ch\/en\/wp-json\/wp\/v2\/comments?post=28955"}],"version-history":[{"count":160,"href":"https:\/\/www.alliancetransport.ch\/en\/wp-json\/wp\/v2\/pages\/28955\/revisions"}],"predecessor-version":[{"id":33559,"href":"https:\/\/www.alliancetransport.ch\/en\/wp-json\/wp\/v2\/pages\/28955\/revisions\/33559"}],"wp:featuredmedia":[{"embeddable":true,"href":"https:\/\/www.alliancetransport.ch\/en\/wp-json\/wp\/v2\/media\/34045"}],"wp:attachment":[{"href":"https:\/\/www.alliancetransport.ch\/en\/wp-json\/wp\/v2\/media?parent=28955"}],"curies":[{"name":"wp","href":"https:\/\/api.w.org\/{rel}","templated":true}]}}