{"id":28964,"date":"2021-12-07T09:44:22","date_gmt":"2021-12-07T08:44:22","guid":{"rendered":"https:\/\/webprojekt711.brentex-webprojekt.ch\/?page_id=28964"},"modified":"2023-03-15T14:01:50","modified_gmt":"2023-03-15T13:01:50","slug":"offene-stellen","status":"publish","type":"page","link":"https:\/\/www.alliancetransport.ch\/fr\/offene-stellen\/","title":{"rendered":"Offres d'emploi"},"content":{"rendered":"<div data-elementor-type=\"wp-page\" data-elementor-id=\"28964\" class=\"elementor elementor-28964\" data-elementor-post-type=\"page\">\n\t\t\t\t\t\t<section class=\"elementor-section elementor-top-section elementor-element elementor-element-cfe55c7 elementor-section-height-min-height elementor-section-boxed elementor-section-height-default elementor-section-items-middle\" data-id=\"cfe55c7\" data-element_type=\"section\" data-settings=\"{&quot;background_background&quot;:&quot;classic&quot;,&quot;_ha_eqh_enable&quot;:false}\">\n\t\t\t\t\t\t\t<div class=\"elementor-background-overlay\"><\/div>\n\t\t\t\t\t\t\t<div class=\"elementor-container elementor-column-gap-default\">\n\t\t\t\t\t<div class=\"elementor-column elementor-col-100 elementor-top-column elementor-element elementor-element-e41da0f\" data-id=\"e41da0f\" data-element_type=\"column\">\n\t\t\t<div class=\"elementor-widget-wrap elementor-element-populated\">\n\t\t\t\t\t\t<div class=\"elementor-element elementor-element-2376401 elementor-widget elementor-widget-heading\" data-id=\"2376401\" data-element_type=\"widget\" data-widget_type=\"heading.default\">\n\t\t\t\t<div class=\"elementor-widget-container\">\n\t\t\t<h2 class=\"elementor-heading-title elementor-size-default\">Offres d'emploi<\/h2>\t\t<\/div>\n\t\t\t\t<\/div>\n\t\t\t\t\t<\/div>\n\t\t<\/div>\n\t\t\t\t\t<\/div>\n\t\t<\/section>\n\t\t\t\t<section class=\"elementor-section elementor-top-section elementor-element elementor-element-bdf3c70 elementor-section-boxed elementor-section-height-default elementor-section-height-default\" data-id=\"bdf3c70\" data-element_type=\"section\" data-settings=\"{&quot;_ha_eqh_enable&quot;:false}\">\n\t\t\t\t\t\t\t<div class=\"elementor-background-overlay\"><\/div>\n\t\t\t\t\t\t\t<div class=\"elementor-container elementor-column-gap-default\">\n\t\t\t\t\t<div class=\"elementor-column elementor-col-50 elementor-top-column elementor-element elementor-element-971b568\" data-id=\"971b568\" data-element_type=\"column\">\n\t\t\t<div class=\"elementor-widget-wrap elementor-element-populated\">\n\t\t\t\t\t\t<div class=\"elementor-element elementor-element-d127d42 elementor-widget elementor-widget-heading\" data-id=\"d127d42\" data-element_type=\"widget\" data-widget_type=\"heading.default\">\n\t\t\t\t<div class=\"elementor-widget-container\">\n\t\t\t<h2 class=\"elementor-heading-title elementor-size-default\">Postulez maintenant!<\/h2>\t\t<\/div>\n\t\t\t\t<\/div>\n\t\t\t\t<div class=\"elementor-element elementor-element-2420c6c elementor-widget-divider--view-line elementor-widget elementor-widget-divider\" data-id=\"2420c6c\" data-element_type=\"widget\" data-widget_type=\"divider.default\">\n\t\t\t\t<div class=\"elementor-widget-container\">\n\t\t\t\t\t<div class=\"elementor-divider\">\n\t\t\t<span class=\"elementor-divider-separator\">\n\t\t\t\t\t\t<\/span>\n\t\t<\/div>\n\t\t\t\t<\/div>\n\t\t\t\t<\/div>\n\t\t\t\t<div class=\"elementor-element elementor-element-b80bd89 elementor-widget elementor-widget-text-editor\" data-id=\"b80bd89\" data-element_type=\"widget\" data-widget_type=\"text-editor.default\">\n\t\t\t\t<div class=\"elementor-widget-container\">\n\t\t\t\t\t\t\t<p>Vous souhaitez faire partie de notre \u00e9quipe et travailler dans un environnement positif et stimulant ? Nous sommes \u00e0 la recherche de collaborateurs motiv\u00e9s et comp\u00e9tents qui enrichissent notre \u00e9quipe et souhaitent satisfaire au maximum les souhaits de nos clients. Alliance Transport AG est un nom ambitieux et bien \u00e9tabli dans le secteur. Nous essayons de nous am\u00e9liorer et progresser chaque jour et nous recherchons des personnes qui veulent faire partie de cette \u00e9volution.<\/p><p>Postulez chez nous et envoyez votre dossier de candidature complet par courrier postal \u00e0 l'adresse suivante:<\/p><p>Alliance Transport AG<br \/>Hafenstrasse 9<br \/>4057 B\u00e2le<\/p><p><strong>Nous cherchons:<\/strong> <br \/>Chauffeurs cat\u00e9gorie C et CE<\/p>\t\t\t\t\t\t<\/div>\n\t\t\t\t<\/div>\n\t\t\t\t<div class=\"elementor-element elementor-element-d753299 elementor-align-left elementor-widget elementor-widget-button\" data-id=\"d753299\" data-element_type=\"widget\" data-widget_type=\"button.default\">\n\t\t\t\t<div class=\"elementor-widget-container\">\n\t\t\t\t\t<div class=\"elementor-button-wrapper\">\n\t\t\t<a class=\"elementor-button elementor-button-link elementor-size-sm\" href=\"https:\/\/www.alliancetransport.ch\/kontakt\/\">\n\t\t\t\t\t\t<span class=\"elementor-button-content-wrapper\">\n\t\t\t\t\t\t<span class=\"elementor-button-icon\">\n\t\t\t\t<i aria-hidden=\"true\" class=\"fas fa-chevron-circle-right\"><\/i>\t\t\t<\/span>\n\t\t\t\t\t\t\t\t\t<span class=\"elementor-button-text\">Contactez-nous d\u00e8s maintenant<\/span>\n\t\t\t\t\t<\/span>\n\t\t\t\t\t<\/a>\n\t\t<\/div>\n\t\t\t\t<\/div>\n\t\t\t\t<\/div>\n\t\t\t\t\t<\/div>\n\t\t<\/div>\n\t\t\t\t<div class=\"elementor-column elementor-col-50 elementor-top-column elementor-element elementor-element-61e5231\" data-id=\"61e5231\" data-element_type=\"column\">\n\t\t\t<div class=\"elementor-widget-wrap elementor-element-populated\">\n\t\t\t\t\t\t<div class=\"elementor-element elementor-element-69c433b elementor-widget elementor-widget-text-editor\" data-id=\"69c433b\" data-element_type=\"widget\" data-widget_type=\"text-editor.default\">\n\t\t\t\t<div class=\"elementor-widget-container\">\n\t\t\t\t\t\t\tEnvoyez-nous votre candidature via notre formulaire de contact:\t\t\t\t\t\t<\/div>\n\t\t\t\t<\/div>\n\t\t\t\t<div class=\"elementor-element elementor-element-2267caf elementor-button-align-start elementor-widget elementor-widget-form\" data-id=\"2267caf\" data-element_type=\"widget\" data-settings=\"{&quot;step_next_label&quot;:&quot;Next&quot;,&quot;step_previous_label&quot;:&quot;Previous&quot;,&quot;button_width&quot;:&quot;100&quot;,&quot;step_type&quot;:&quot;number_text&quot;,&quot;step_icon_shape&quot;:&quot;circle&quot;}\" data-widget_type=\"form.default\">\n\t\t\t\t<div class=\"elementor-widget-container\">\n\t\t\t\t\t<form class=\"elementor-form\" method=\"post\" name=\"Kontaktformular\" action=\"\">\n\t\t\t<input type=\"hidden\" name=\"post_id\" value=\"28964\"\/>\n\t\t\t<input type=\"hidden\" name=\"form_id\" value=\"2267caf\"\/>\n\t\t\t<input type=\"hidden\" name=\"referer_title\" value=\"Alliance Transport\" \/>\n\n\t\t\t\n\t\t\t<div class=\"elementor-form-fields-wrapper elementor-labels-above\">\n\t\t\t\t\t\t\t\t<div class=\"elementor-field-type-text elementor-field-group elementor-column elementor-field-group-field_66c5b9b elementor-col-50\">\n\t\t\t\t\t\t\t\t\t\t\t\t\t<input size=\"1\" type=\"text\" name=\"form_fields[field_66c5b9b]\" id=\"form-field-field_66c5b9b\" class=\"elementor-field elementor-size-sm  elementor-field-textual\" placeholder=\"Candidature en tant que...\">\n\t\t\t\t\t\t\t\t\t\t\t<\/div>\n\t\t\t\t\t\t\t\t<div class=\"elementor-field-type-text elementor-field-group elementor-column elementor-field-group-field_88ea669 elementor-col-50\">\n\t\t\t\t\t\t\t\t\t\t\t\t\t<input size=\"1\" type=\"text\" name=\"form_fields[field_88ea669]\" id=\"form-field-field_88ea669\" class=\"elementor-field elementor-size-sm  elementor-field-textual\" placeholder=\"Pr\u00e9nom\">\n\t\t\t\t\t\t\t\t\t\t\t<\/div>\n\t\t\t\t\t\t\t\t<div class=\"elementor-field-type-text elementor-field-group elementor-column elementor-field-group-name elementor-col-50\">\n\t\t\t\t\t\t\t\t\t\t\t\t\t<input size=\"1\" type=\"text\" name=\"form_fields[name]\" id=\"form-field-name\" class=\"elementor-field elementor-size-sm  elementor-field-textual\" placeholder=\"Nom\">\n\t\t\t\t\t\t\t\t\t\t\t<\/div>\n\t\t\t\t\t\t\t\t<div class=\"elementor-field-type-text elementor-field-group elementor-column elementor-field-group-field_2a2581a elementor-col-50\">\n\t\t\t\t\t\t\t\t\t\t\t\t\t<input size=\"1\" type=\"text\" name=\"form_fields[field_2a2581a]\" id=\"form-field-field_2a2581a\" class=\"elementor-field elementor-size-sm  elementor-field-textual\" placeholder=\"Adresse\">\n\t\t\t\t\t\t\t\t\t\t\t<\/div>\n\t\t\t\t\t\t\t\t<div class=\"elementor-field-type-text elementor-field-group elementor-column elementor-field-group-field_22d58ed elementor-col-50\">\n\t\t\t\t\t\t\t\t\t\t\t\t\t<input size=\"1\" type=\"text\" name=\"form_fields[field_22d58ed]\" id=\"form-field-field_22d58ed\" class=\"elementor-field elementor-size-sm  elementor-field-textual\" placeholder=\"Code postal\">\n\t\t\t\t\t\t\t\t\t\t\t<\/div>\n\t\t\t\t\t\t\t\t<div class=\"elementor-field-type-text elementor-field-group elementor-column elementor-field-group-field_390f386 elementor-col-50\">\n\t\t\t\t\t\t\t\t\t\t\t\t\t<input size=\"1\" type=\"text\" name=\"form_fields[field_390f386]\" id=\"form-field-field_390f386\" class=\"elementor-field elementor-size-sm  elementor-field-textual\" placeholder=\"Pays\">\n\t\t\t\t\t\t\t\t\t\t\t<\/div>\n\t\t\t\t\t\t\t\t<div class=\"elementor-field-type-text elementor-field-group elementor-column elementor-field-group-field_2e2d6a7 elementor-col-50\">\n\t\t\t\t\t\t\t\t\t\t\t\t\t<input size=\"1\" type=\"text\" name=\"form_fields[field_2e2d6a7]\" id=\"form-field-field_2e2d6a7\" class=\"elementor-field elementor-size-sm  elementor-field-textual\" placeholder=\"T\u00e9l\u00e9phone\">\n\t\t\t\t\t\t\t\t\t\t\t<\/div>\n\t\t\t\t\t\t\t\t<div class=\"elementor-field-type-email elementor-field-group elementor-column elementor-field-group-email elementor-col-50 elementor-field-required\">\n\t\t\t\t\t\t\t\t\t\t\t\t<label for=\"form-field-email\" class=\"elementor-field-label\">\n\t\t\t\t\t\t\t\t \t\t\t\t\t\t\t<\/label>\n\t\t\t\t\t\t\t\t\t\t\t\t\t\t<input size=\"1\" type=\"email\" name=\"form_fields[email]\" id=\"form-field-email\" class=\"elementor-field elementor-size-sm  elementor-field-textual\" placeholder=\"E-Mail\" required=\"required\" aria-required=\"true\">\n\t\t\t\t\t\t\t\t\t\t\t<\/div>\n\t\t\t\t\t\t\t\t<div class=\"elementor-field-type-upload elementor-field-group elementor-column elementor-field-group-field_39e0fac elementor-col-100\">\n\t\t\t\t\t\t\t\t\t\t\t\t<label for=\"form-field-field_39e0fac\" class=\"elementor-field-label\">\n\t\t\t\t\t\t\t\tCandidature\t\t\t\t\t\t\t<\/label>\n\t\t\t\t\t\t\t\t<input type=\"file\" name=\"form_fields[field_39e0fac]\" id=\"form-field-field_39e0fac\" class=\"elementor-field elementor-size-sm  elementor-upload-field\">\n\n\t\t\t\t\t\t<\/div>\n\t\t\t\t\t\t\t\t<div class=\"elementor-field-type-upload elementor-field-group elementor-column elementor-field-group-field_7f6e550 elementor-col-100\">\n\t\t\t\t\t\t\t\t\t\t\t\t<label for=\"form-field-field_7f6e550\" class=\"elementor-field-label\">\n\t\t\t\t\t\t\t\tCurriculum vit\u00e6\t\t\t\t\t\t\t<\/label>\n\t\t\t\t\t\t\t\t<input type=\"file\" name=\"form_fields[field_7f6e550]\" id=\"form-field-field_7f6e550\" class=\"elementor-field elementor-size-sm  elementor-upload-field\">\n\n\t\t\t\t\t\t<\/div>\n\t\t\t\t\t\t\t\t<div class=\"elementor-field-type-upload elementor-field-group elementor-column elementor-field-group-field_dbd88c1 elementor-col-100\">\n\t\t\t\t\t\t\t\t\t\t\t\t<label for=\"form-field-field_dbd88c1\" class=\"elementor-field-label\">\n\t\t\t\t\t\t\t\tPermis de conduire\t\t\t\t\t\t\t<\/label>\n\t\t\t\t\t\t\t\t<input type=\"file\" name=\"form_fields[field_dbd88c1]\" id=\"form-field-field_dbd88c1\" class=\"elementor-field elementor-size-sm  elementor-upload-field\">\n\n\t\t\t\t\t\t<\/div>\n\t\t\t\t\t\t\t\t<div class=\"elementor-field-group elementor-column elementor-field-type-submit elementor-col-100 e-form__buttons\">\n\t\t\t\t\t<button class=\"elementor-button elementor-size-sm\" type=\"submit\">\n\t\t\t\t\t\t<span class=\"elementor-button-content-wrapper\">\n\t\t\t\t\t\t\t\t\t\t\t\t\t\t\t\t\t\t\t\t\t\t<span class=\"elementor-button-text\">Envoyer<\/span>\n\t\t\t\t\t\t\t\t\t\t\t\t\t<\/span>\n\t\t\t\t\t<\/button>\n\t\t\t\t<\/div>\n\t\t\t<\/div>\n\t\t<input type=\"hidden\" name=\"trp-form-language\" value=\"fr\"\/><\/form>\n\t\t\t\t<\/div>\n\t\t\t\t<\/div>\n\t\t\t\t\t<\/div>\n\t\t<\/div>\n\t\t\t\t\t<\/div>\n\t\t<\/section>\n\t\t\t\t<\/div>","protected":false},"excerpt":{"rendered":"<p>Offene Stellen Jetzt bewerben! Wollen Sie Teil unseres Teams werden und in einem positiven und herausfordernden Umfeld arbeiten? Wir suchen nach motivierten und kompetenten Mitarbeitern, die unser Team bereichern und die W\u00fcnsche unserer Kunden maximal zu erf\u00fcllen w\u00fcnschen. Die Alliance Transport AG ist ein ambitionierter und etablierter Name in der Branche. Wir versuchen uns t\u00e4glich [&hellip;]<\/p>","protected":false},"author":2,"featured_media":34045,"parent":0,"menu_order":6,"comment_status":"closed","ping_status":"closed","template":"elementor_header_footer","meta":{"footnotes":""},"yoast_head":"<!-- This site is optimized with the Yoast SEO plugin v23.0 - https:\/\/yoast.com\/wordpress\/plugins\/seo\/ -->\n<title>Offene Stellen - Alliance Transport<\/title>\n<meta name=\"description\" content=\"Wollen Sie Teil unseres Teams werden und in einem positiven und herausfordernden Umfeld arbeiten? Wir suchen nach motivierten und...\" \/>\n<meta name=\"robots\" content=\"index, follow, max-snippet:-1, max-image-preview:large, max-video-preview:-1\" \/>\n<link rel=\"canonical\" href=\"https:\/\/www.alliancetransport.ch\/fr\/offene-stellen\/\" \/>\n<meta property=\"og:locale\" content=\"fr_FR\" \/>\n<meta property=\"og:type\" content=\"article\" \/>\n<meta property=\"og:title\" content=\"Offene Stellen - Alliance Transport\" \/>\n<meta property=\"og:description\" content=\"Wollen Sie Teil unseres Teams werden und in einem positiven und herausfordernden Umfeld arbeiten? Wir suchen nach motivierten und...\" \/>\n<meta property=\"og:url\" content=\"https:\/\/www.alliancetransport.ch\/fr\/offene-stellen\/\" \/>\n<meta property=\"og:site_name\" content=\"Alliance Transport\" \/>\n<meta property=\"article:modified_time\" content=\"2023-03-15T13:01:50+00:00\" \/>\n<meta property=\"og:image\" content=\"https:\/\/www.alliancetransport.ch\/wp-content\/uploads\/2022\/02\/Zeichenflache-1A-T-AG-1024x1024-1.jpg\" \/>\n\t<meta property=\"og:image:width\" content=\"1024\" \/>\n\t<meta property=\"og:image:height\" content=\"1024\" \/>\n\t<meta property=\"og:image:type\" content=\"image\/jpeg\" \/>\n<meta name=\"twitter:card\" content=\"summary_large_image\" \/>\n<meta name=\"twitter:label1\" content=\"Dur\u00e9e de lecture estim\u00e9e\" \/>\n\t<meta name=\"twitter:data1\" content=\"1 minute\" \/>\n<script type=\"application\/ld+json\" class=\"yoast-schema-graph\">{\"@context\":\"https:\/\/schema.org\",\"@graph\":[{\"@type\":\"WebPage\",\"@id\":\"https:\/\/www.alliancetransport.ch\/offene-stellen\/\",\"url\":\"https:\/\/www.alliancetransport.ch\/offene-stellen\/\",\"name\":\"Offene Stellen - Alliance Transport\",\"isPartOf\":{\"@id\":\"https:\/\/www.alliancetransport.ch\/#website\"},\"primaryImageOfPage\":{\"@id\":\"https:\/\/www.alliancetransport.ch\/offene-stellen\/#primaryimage\"},\"image\":{\"@id\":\"https:\/\/www.alliancetransport.ch\/offene-stellen\/#primaryimage\"},\"thumbnailUrl\":\"https:\/\/www.alliancetransport.ch\/wp-content\/uploads\/2022\/02\/Zeichenflache-1A-T-AG-1024x1024-1.jpg\",\"datePublished\":\"2021-12-07T08:44:22+00:00\",\"dateModified\":\"2023-03-15T13:01:50+00:00\",\"description\":\"Wollen Sie Teil unseres Teams werden und in einem positiven und herausfordernden Umfeld arbeiten? Wir suchen nach motivierten und...\",\"breadcrumb\":{\"@id\":\"https:\/\/www.alliancetransport.ch\/offene-stellen\/#breadcrumb\"},\"inLanguage\":\"fr-FR\",\"potentialAction\":[{\"@type\":\"ReadAction\",\"target\":[\"https:\/\/www.alliancetransport.ch\/offene-stellen\/\"]}]},{\"@type\":\"ImageObject\",\"inLanguage\":\"fr-FR\",\"@id\":\"https:\/\/www.alliancetransport.ch\/offene-stellen\/#primaryimage\",\"url\":\"https:\/\/www.alliancetransport.ch\/wp-content\/uploads\/2022\/02\/Zeichenflache-1A-T-AG-1024x1024-1.jpg\",\"contentUrl\":\"https:\/\/www.alliancetransport.ch\/wp-content\/uploads\/2022\/02\/Zeichenflache-1A-T-AG-1024x1024-1.jpg\",\"width\":1024,\"height\":1024},{\"@type\":\"BreadcrumbList\",\"@id\":\"https:\/\/www.alliancetransport.ch\/offene-stellen\/#breadcrumb\",\"itemListElement\":[{\"@type\":\"ListItem\",\"position\":1,\"name\":\"Home\",\"item\":\"https:\/\/www.alliancetransport.ch\/\"},{\"@type\":\"ListItem\",\"position\":2,\"name\":\"Offene Stellen\"}]},{\"@type\":\"WebSite\",\"@id\":\"https:\/\/www.alliancetransport.ch\/#website\",\"url\":\"https:\/\/www.alliancetransport.ch\/\",\"name\":\"Alliance Transport\",\"description\":\"Home\",\"inLanguage\":\"fr-FR\"}]}<\/script>\n<!-- \/ Yoast SEO plugin. -->","yoast_head_json":{"title":"Offene Stellen - Alliance Transport","description":"Wollen Sie Teil unseres Teams werden und in einem positiven und herausfordernden Umfeld arbeiten? Wir suchen nach motivierten und...","robots":{"index":"index","follow":"follow","max-snippet":"max-snippet:-1","max-image-preview":"max-image-preview:large","max-video-preview":"max-video-preview:-1"},"canonical":"https:\/\/www.alliancetransport.ch\/fr\/offene-stellen\/","og_locale":"fr_FR","og_type":"article","og_title":"Offene Stellen - Alliance Transport","og_description":"Wollen Sie Teil unseres Teams werden und in einem positiven und herausfordernden Umfeld arbeiten? Wir suchen nach motivierten und...","og_url":"https:\/\/www.alliancetransport.ch\/fr\/offene-stellen\/","og_site_name":"Alliance Transport","article_modified_time":"2023-03-15T13:01:50+00:00","og_image":[{"width":1024,"height":1024,"url":"https:\/\/www.alliancetransport.ch\/wp-content\/uploads\/2022\/02\/Zeichenflache-1A-T-AG-1024x1024-1.jpg","type":"image\/jpeg"}],"twitter_card":"summary_large_image","twitter_misc":{"Dur\u00e9e de lecture estim\u00e9e":"1 minute"},"schema":{"@context":"https:\/\/schema.org","@graph":[{"@type":"WebPage","@id":"https:\/\/www.alliancetransport.ch\/offene-stellen\/","url":"https:\/\/www.alliancetransport.ch\/offene-stellen\/","name":"Offene Stellen - Alliance Transport","isPartOf":{"@id":"https:\/\/www.alliancetransport.ch\/#website"},"primaryImageOfPage":{"@id":"https:\/\/www.alliancetransport.ch\/offene-stellen\/#primaryimage"},"image":{"@id":"https:\/\/www.alliancetransport.ch\/offene-stellen\/#primaryimage"},"thumbnailUrl":"https:\/\/www.alliancetransport.ch\/wp-content\/uploads\/2022\/02\/Zeichenflache-1A-T-AG-1024x1024-1.jpg","datePublished":"2021-12-07T08:44:22+00:00","dateModified":"2023-03-15T13:01:50+00:00","description":"Wollen Sie Teil unseres Teams werden und in einem positiven und herausfordernden Umfeld arbeiten? Wir suchen nach motivierten und...","breadcrumb":{"@id":"https:\/\/www.alliancetransport.ch\/offene-stellen\/#breadcrumb"},"inLanguage":"fr-FR","potentialAction":[{"@type":"ReadAction","target":["https:\/\/www.alliancetransport.ch\/offene-stellen\/"]}]},{"@type":"ImageObject","inLanguage":"fr-FR","@id":"https:\/\/www.alliancetransport.ch\/offene-stellen\/#primaryimage","url":"https:\/\/www.alliancetransport.ch\/wp-content\/uploads\/2022\/02\/Zeichenflache-1A-T-AG-1024x1024-1.jpg","contentUrl":"https:\/\/www.alliancetransport.ch\/wp-content\/uploads\/2022\/02\/Zeichenflache-1A-T-AG-1024x1024-1.jpg","width":1024,"height":1024},{"@type":"BreadcrumbList","@id":"https:\/\/www.alliancetransport.ch\/offene-stellen\/#breadcrumb","itemListElement":[{"@type":"ListItem","position":1,"name":"Home","item":"https:\/\/www.alliancetransport.ch\/"},{"@type":"ListItem","position":2,"name":"Offene Stellen"}]},{"@type":"WebSite","@id":"https:\/\/www.alliancetransport.ch\/#website","url":"https:\/\/www.alliancetransport.ch\/","name":"Alliance Transport","description":"Home","inLanguage":"fr-FR"}]}},"_links":{"self":[{"href":"https:\/\/www.alliancetransport.ch\/fr\/wp-json\/wp\/v2\/pages\/28964"}],"collection":[{"href":"https:\/\/www.alliancetransport.ch\/fr\/wp-json\/wp\/v2\/pages"}],"about":[{"href":"https:\/\/www.alliancetransport.ch\/fr\/wp-json\/wp\/v2\/types\/page"}],"author":[{"embeddable":true,"href":"https:\/\/www.alliancetransport.ch\/fr\/wp-json\/wp\/v2\/users\/2"}],"replies":[{"embeddable":true,"href":"https:\/\/www.alliancetransport.ch\/fr\/wp-json\/wp\/v2\/comments?post=28964"}],"version-history":[{"count":248,"href":"https:\/\/www.alliancetransport.ch\/fr\/wp-json\/wp\/v2\/pages\/28964\/revisions"}],"predecessor-version":[{"id":34089,"href":"https:\/\/www.alliancetransport.ch\/fr\/wp-json\/wp\/v2\/pages\/28964\/revisions\/34089"}],"wp:featuredmedia":[{"embeddable":true,"href":"https:\/\/www.alliancetransport.ch\/fr\/wp-json\/wp\/v2\/media\/34045"}],"wp:attachment":[{"href":"https:\/\/www.alliancetransport.ch\/fr\/wp-json\/wp\/v2\/media?parent=28964"}],"curies":[{"name":"wp","href":"https:\/\/api.w.org\/{rel}","templated":true}]}}