{"id":28966,"date":"2021-12-07T09:44:52","date_gmt":"2021-12-07T08:44:52","guid":{"rendered":"https:\/\/webprojekt711.brentex-webprojekt.ch\/?page_id=28966"},"modified":"2022-02-24T20:23:38","modified_gmt":"2022-02-24T19:23:38","slug":"qualitatsmanagement","status":"publish","type":"page","link":"https:\/\/www.alliancetransport.ch\/fr\/qualitatsmanagement\/","title":{"rendered":"Certifications"},"content":{"rendered":"<div data-elementor-type=\"wp-page\" data-elementor-id=\"28966\" class=\"elementor elementor-28966\" data-elementor-post-type=\"page\">\n\t\t\t\t\t\t<section class=\"elementor-section elementor-top-section elementor-element elementor-element-8c57a1d elementor-section-height-min-height elementor-section-boxed elementor-section-height-default elementor-section-items-middle\" data-id=\"8c57a1d\" data-element_type=\"section\" data-settings=\"{&quot;background_background&quot;:&quot;classic&quot;,&quot;_ha_eqh_enable&quot;:false}\">\n\t\t\t\t\t\t\t<div class=\"elementor-background-overlay\"><\/div>\n\t\t\t\t\t\t\t<div class=\"elementor-container elementor-column-gap-default\">\n\t\t\t\t\t<div class=\"elementor-column elementor-col-100 elementor-top-column elementor-element elementor-element-64ee651\" data-id=\"64ee651\" data-element_type=\"column\">\n\t\t\t<div class=\"elementor-widget-wrap elementor-element-populated\">\n\t\t\t\t\t\t<div class=\"elementor-element elementor-element-a49dba4 elementor-widget elementor-widget-heading\" data-id=\"a49dba4\" data-element_type=\"widget\" data-widget_type=\"heading.default\">\n\t\t\t\t<div class=\"elementor-widget-container\">\n\t\t\t<h2 class=\"elementor-heading-title elementor-size-default\">Pr\u00eat pour toutes les t\u00e2ches!<\/h2>\t\t<\/div>\n\t\t\t\t<\/div>\n\t\t\t\t\t<\/div>\n\t\t<\/div>\n\t\t\t\t\t<\/div>\n\t\t<\/section>\n\t\t\t\t<section class=\"elementor-section elementor-top-section elementor-element elementor-element-ee8d2e8 elementor-section-boxed elementor-section-height-default elementor-section-height-default\" data-id=\"ee8d2e8\" data-element_type=\"section\" data-settings=\"{&quot;_ha_eqh_enable&quot;:false}\">\n\t\t\t\t\t\t<div class=\"elementor-container elementor-column-gap-default\">\n\t\t\t\t\t<div class=\"elementor-column elementor-col-50 elementor-top-column elementor-element elementor-element-0d6e94b\" data-id=\"0d6e94b\" data-element_type=\"column\">\n\t\t\t<div class=\"elementor-widget-wrap elementor-element-populated\">\n\t\t\t\t\t\t<div class=\"elementor-element elementor-element-de1b807 elementor-widget elementor-widget-heading\" data-id=\"de1b807\" data-element_type=\"widget\" data-widget_type=\"heading.default\">\n\t\t\t\t<div class=\"elementor-widget-container\">\n\t\t\t<h2 class=\"elementor-heading-title elementor-size-default\">Certification SGS<\/h2>\t\t<\/div>\n\t\t\t\t<\/div>\n\t\t\t\t<div class=\"elementor-element elementor-element-2e1791f elementor-widget-divider--view-line elementor-widget elementor-widget-divider\" data-id=\"2e1791f\" data-element_type=\"widget\" data-widget_type=\"divider.default\">\n\t\t\t\t<div class=\"elementor-widget-container\">\n\t\t\t\t\t<div class=\"elementor-divider\">\n\t\t\t<span class=\"elementor-divider-separator\">\n\t\t\t\t\t\t<\/span>\n\t\t<\/div>\n\t\t\t\t<\/div>\n\t\t\t\t<\/div>\n\t\t\t\t<div class=\"elementor-element elementor-element-397a9f9 elementor-widget elementor-widget-text-editor\" data-id=\"397a9f9\" data-element_type=\"widget\" data-widget_type=\"text-editor.default\">\n\t\t\t\t<div class=\"elementor-widget-container\">\n\t\t\t\t\t\t\t<p>Alliance Transport AG est certifi\u00e9e SGS. Notre certificat est constamment renouvel\u00e9 afin de vous garantir la qualit\u00e9 de nos services. Ensemble, nous nous effor\u00e7ons d'atteindre les normes professionnelles les plus \u00e9lev\u00e9es et nous attachons une grande importance \u00e0 une collaboration respectueuse. Par nos prestations, nous avons d\u00e9montr\u00e9 notre philosophie de travail, bas\u00e9e sur un travail durable et innovant, toujours conforme aux r\u00e8gles et normes SGS nationales et internationales reconnues dans le monde entier.<\/p>\t\t\t\t\t\t<\/div>\n\t\t\t\t<\/div>\n\t\t\t\t<div class=\"elementor-element elementor-element-2066186 elementor-align-left elementor-widget elementor-widget-button\" data-id=\"2066186\" data-element_type=\"widget\" data-widget_type=\"button.default\">\n\t\t\t\t<div class=\"elementor-widget-container\">\n\t\t\t\t\t<div class=\"elementor-button-wrapper\">\n\t\t\t<a class=\"elementor-button elementor-button-link elementor-size-sm\" href=\"https:\/\/www.alliancetransport.ch\/kontakt\/\">\n\t\t\t\t\t\t<span class=\"elementor-button-content-wrapper\">\n\t\t\t\t\t\t<span class=\"elementor-button-icon\">\n\t\t\t\t<i aria-hidden=\"true\" class=\"fas fa-chevron-circle-right\"><\/i>\t\t\t<\/span>\n\t\t\t\t\t\t\t\t\t<span class=\"elementor-button-text\">Contact<\/span>\n\t\t\t\t\t<\/span>\n\t\t\t\t\t<\/a>\n\t\t<\/div>\n\t\t\t\t<\/div>\n\t\t\t\t<\/div>\n\t\t\t\t\t<\/div>\n\t\t<\/div>\n\t\t\t\t<div class=\"elementor-column elementor-col-50 elementor-top-column elementor-element elementor-element-b92d5fe\" data-id=\"b92d5fe\" data-element_type=\"column\">\n\t\t\t<div class=\"elementor-widget-wrap elementor-element-populated\">\n\t\t\t\t\t\t<div class=\"elementor-element elementor-element-7fe843f elementor-widget elementor-widget-image\" data-id=\"7fe843f\" data-element_type=\"widget\" data-widget_type=\"image.default\">\n\t\t\t\t<div class=\"elementor-widget-container\">\n\t\t\t\t\t\t\t\t\t\t\t\t\t\t<a href=\"https:\/\/www.alliancetransport.ch\/wp-content\/uploads\/2021\/12\/1.jpeg\">\n\t\t\t\t\t\t\t<img fetchpriority=\"high\" decoding=\"async\" width=\"800\" height=\"788\" src=\"https:\/\/www.alliancetransport.ch\/wp-content\/uploads\/2022\/01\/sgs-1024x1009.png\" class=\"attachment-large size-large wp-image-30895\" alt=\"\" srcset=\"https:\/\/www.alliancetransport.ch\/wp-content\/uploads\/2022\/01\/sgs-1024x1009.png 1024w, https:\/\/www.alliancetransport.ch\/wp-content\/uploads\/2022\/01\/sgs-300x296.png 300w, https:\/\/www.alliancetransport.ch\/wp-content\/uploads\/2022\/01\/sgs-768x757.png 768w, https:\/\/www.alliancetransport.ch\/wp-content\/uploads\/2022\/01\/sgs-1536x1513.png 1536w, https:\/\/www.alliancetransport.ch\/wp-content\/uploads\/2022\/01\/sgs-2048x2018.png 2048w\" sizes=\"(max-width: 800px) 100vw, 800px\" \/>\t\t\t\t\t\t\t\t<\/a>\n\t\t\t\t\t\t\t\t\t\t\t\t\t<\/div>\n\t\t\t\t<\/div>\n\t\t\t\t\t<\/div>\n\t\t<\/div>\n\t\t\t\t\t<\/div>\n\t\t<\/section>\n\t\t\t\t<\/div>","protected":false},"excerpt":{"rendered":"<p>Bereit f\u00fcr jegliche Aufgaben! SGS-Zertifizierung Die Alliance Transport AG ist SGS-zertifiziert. Unser Zertifikat wird st\u00e4ndig erneuert, um Ihnen die Qualit\u00e4t unserer Dienstleistungen zu gew\u00e4hrleisten. Wir streben gemeinsam nach den h\u00f6chsten professionellen Standards und legen grossen Wert auf eine respektvolle Zusammenarbeit. Durch unsere Leistungen haben wir unsere Arbeitsphilosophie demonstriert, die auf nachhaltiger und innovativer Arbeit basiert [&hellip;]<\/p>","protected":false},"author":2,"featured_media":34045,"parent":0,"menu_order":7,"comment_status":"closed","ping_status":"closed","template":"elementor_header_footer","meta":{"footnotes":""},"yoast_head":"<!-- This site is optimized with the Yoast SEO plugin v23.0 - https:\/\/yoast.com\/wordpress\/plugins\/seo\/ -->\n<title>Qualit\u00e4tsmanagement - Alliance Transport<\/title>\n<meta name=\"description\" content=\"Die Alliance Transport AG ist SGS-zertifiziert. Unser Zertifikat wird st\u00e4ndig erneuert, um Ihnen die Qualit\u00e4t unserer Dienstleistungen zu...\" \/>\n<meta name=\"robots\" content=\"index, follow, max-snippet:-1, max-image-preview:large, max-video-preview:-1\" \/>\n<link rel=\"canonical\" href=\"https:\/\/www.alliancetransport.ch\/fr\/qualitatsmanagement\/\" \/>\n<meta property=\"og:locale\" content=\"fr_FR\" \/>\n<meta property=\"og:type\" content=\"article\" \/>\n<meta property=\"og:title\" content=\"Qualit\u00e4tsmanagement - Alliance Transport\" \/>\n<meta property=\"og:description\" content=\"Die Alliance Transport AG ist SGS-zertifiziert. Unser Zertifikat wird st\u00e4ndig erneuert, um Ihnen die Qualit\u00e4t unserer Dienstleistungen zu...\" \/>\n<meta property=\"og:url\" content=\"https:\/\/www.alliancetransport.ch\/fr\/qualitatsmanagement\/\" \/>\n<meta property=\"og:site_name\" content=\"Alliance Transport\" \/>\n<meta property=\"article:modified_time\" content=\"2022-02-24T19:23:38+00:00\" \/>\n<meta property=\"og:image\" content=\"https:\/\/www.alliancetransport.ch\/wp-content\/uploads\/2022\/02\/Zeichenflache-1A-T-AG-1024x1024-1.jpg\" \/>\n\t<meta property=\"og:image:width\" content=\"1024\" \/>\n\t<meta property=\"og:image:height\" content=\"1024\" \/>\n\t<meta property=\"og:image:type\" content=\"image\/jpeg\" \/>\n<meta name=\"twitter:card\" content=\"summary_large_image\" \/>\n<meta name=\"twitter:label1\" content=\"Dur\u00e9e de lecture estim\u00e9e\" \/>\n\t<meta name=\"twitter:data1\" content=\"1 minute\" \/>\n<script type=\"application\/ld+json\" class=\"yoast-schema-graph\">{\"@context\":\"https:\/\/schema.org\",\"@graph\":[{\"@type\":\"WebPage\",\"@id\":\"https:\/\/www.alliancetransport.ch\/qualitatsmanagement\/\",\"url\":\"https:\/\/www.alliancetransport.ch\/qualitatsmanagement\/\",\"name\":\"Qualit\u00e4tsmanagement - Alliance Transport\",\"isPartOf\":{\"@id\":\"https:\/\/www.alliancetransport.ch\/#website\"},\"primaryImageOfPage\":{\"@id\":\"https:\/\/www.alliancetransport.ch\/qualitatsmanagement\/#primaryimage\"},\"image\":{\"@id\":\"https:\/\/www.alliancetransport.ch\/qualitatsmanagement\/#primaryimage\"},\"thumbnailUrl\":\"https:\/\/www.alliancetransport.ch\/wp-content\/uploads\/2022\/02\/Zeichenflache-1A-T-AG-1024x1024-1.jpg\",\"datePublished\":\"2021-12-07T08:44:52+00:00\",\"dateModified\":\"2022-02-24T19:23:38+00:00\",\"description\":\"Die Alliance Transport AG ist SGS-zertifiziert. Unser Zertifikat wird st\u00e4ndig erneuert, um Ihnen die Qualit\u00e4t unserer Dienstleistungen zu...\",\"breadcrumb\":{\"@id\":\"https:\/\/www.alliancetransport.ch\/qualitatsmanagement\/#breadcrumb\"},\"inLanguage\":\"fr-FR\",\"potentialAction\":[{\"@type\":\"ReadAction\",\"target\":[\"https:\/\/www.alliancetransport.ch\/qualitatsmanagement\/\"]}]},{\"@type\":\"ImageObject\",\"inLanguage\":\"fr-FR\",\"@id\":\"https:\/\/www.alliancetransport.ch\/qualitatsmanagement\/#primaryimage\",\"url\":\"https:\/\/www.alliancetransport.ch\/wp-content\/uploads\/2022\/02\/Zeichenflache-1A-T-AG-1024x1024-1.jpg\",\"contentUrl\":\"https:\/\/www.alliancetransport.ch\/wp-content\/uploads\/2022\/02\/Zeichenflache-1A-T-AG-1024x1024-1.jpg\",\"width\":1024,\"height\":1024},{\"@type\":\"BreadcrumbList\",\"@id\":\"https:\/\/www.alliancetransport.ch\/qualitatsmanagement\/#breadcrumb\",\"itemListElement\":[{\"@type\":\"ListItem\",\"position\":1,\"name\":\"Home\",\"item\":\"https:\/\/www.alliancetransport.ch\/\"},{\"@type\":\"ListItem\",\"position\":2,\"name\":\"Qualit\u00e4tsmanagement\"}]},{\"@type\":\"WebSite\",\"@id\":\"https:\/\/www.alliancetransport.ch\/#website\",\"url\":\"https:\/\/www.alliancetransport.ch\/\",\"name\":\"Alliance Transport\",\"description\":\"Home\",\"inLanguage\":\"fr-FR\"}]}<\/script>\n<!-- \/ Yoast SEO plugin. -->","yoast_head_json":{"title":"Qualit\u00e4tsmanagement - Alliance Transport","description":"Die Alliance Transport AG ist SGS-zertifiziert. Unser Zertifikat wird st\u00e4ndig erneuert, um Ihnen die Qualit\u00e4t unserer Dienstleistungen zu...","robots":{"index":"index","follow":"follow","max-snippet":"max-snippet:-1","max-image-preview":"max-image-preview:large","max-video-preview":"max-video-preview:-1"},"canonical":"https:\/\/www.alliancetransport.ch\/fr\/qualitatsmanagement\/","og_locale":"fr_FR","og_type":"article","og_title":"Qualit\u00e4tsmanagement - Alliance Transport","og_description":"Die Alliance Transport AG ist SGS-zertifiziert. Unser Zertifikat wird st\u00e4ndig erneuert, um Ihnen die Qualit\u00e4t unserer Dienstleistungen zu...","og_url":"https:\/\/www.alliancetransport.ch\/fr\/qualitatsmanagement\/","og_site_name":"Alliance Transport","article_modified_time":"2022-02-24T19:23:38+00:00","og_image":[{"width":1024,"height":1024,"url":"https:\/\/www.alliancetransport.ch\/wp-content\/uploads\/2022\/02\/Zeichenflache-1A-T-AG-1024x1024-1.jpg","type":"image\/jpeg"}],"twitter_card":"summary_large_image","twitter_misc":{"Dur\u00e9e de lecture estim\u00e9e":"1 minute"},"schema":{"@context":"https:\/\/schema.org","@graph":[{"@type":"WebPage","@id":"https:\/\/www.alliancetransport.ch\/qualitatsmanagement\/","url":"https:\/\/www.alliancetransport.ch\/qualitatsmanagement\/","name":"Qualit\u00e4tsmanagement - Alliance Transport","isPartOf":{"@id":"https:\/\/www.alliancetransport.ch\/#website"},"primaryImageOfPage":{"@id":"https:\/\/www.alliancetransport.ch\/qualitatsmanagement\/#primaryimage"},"image":{"@id":"https:\/\/www.alliancetransport.ch\/qualitatsmanagement\/#primaryimage"},"thumbnailUrl":"https:\/\/www.alliancetransport.ch\/wp-content\/uploads\/2022\/02\/Zeichenflache-1A-T-AG-1024x1024-1.jpg","datePublished":"2021-12-07T08:44:52+00:00","dateModified":"2022-02-24T19:23:38+00:00","description":"Die Alliance Transport AG ist SGS-zertifiziert. Unser Zertifikat wird st\u00e4ndig erneuert, um Ihnen die Qualit\u00e4t unserer Dienstleistungen zu...","breadcrumb":{"@id":"https:\/\/www.alliancetransport.ch\/qualitatsmanagement\/#breadcrumb"},"inLanguage":"fr-FR","potentialAction":[{"@type":"ReadAction","target":["https:\/\/www.alliancetransport.ch\/qualitatsmanagement\/"]}]},{"@type":"ImageObject","inLanguage":"fr-FR","@id":"https:\/\/www.alliancetransport.ch\/qualitatsmanagement\/#primaryimage","url":"https:\/\/www.alliancetransport.ch\/wp-content\/uploads\/2022\/02\/Zeichenflache-1A-T-AG-1024x1024-1.jpg","contentUrl":"https:\/\/www.alliancetransport.ch\/wp-content\/uploads\/2022\/02\/Zeichenflache-1A-T-AG-1024x1024-1.jpg","width":1024,"height":1024},{"@type":"BreadcrumbList","@id":"https:\/\/www.alliancetransport.ch\/qualitatsmanagement\/#breadcrumb","itemListElement":[{"@type":"ListItem","position":1,"name":"Home","item":"https:\/\/www.alliancetransport.ch\/"},{"@type":"ListItem","position":2,"name":"Qualit\u00e4tsmanagement"}]},{"@type":"WebSite","@id":"https:\/\/www.alliancetransport.ch\/#website","url":"https:\/\/www.alliancetransport.ch\/","name":"Alliance Transport","description":"Home","inLanguage":"fr-FR"}]}},"_links":{"self":[{"href":"https:\/\/www.alliancetransport.ch\/fr\/wp-json\/wp\/v2\/pages\/28966"}],"collection":[{"href":"https:\/\/www.alliancetransport.ch\/fr\/wp-json\/wp\/v2\/pages"}],"about":[{"href":"https:\/\/www.alliancetransport.ch\/fr\/wp-json\/wp\/v2\/types\/page"}],"author":[{"embeddable":true,"href":"https:\/\/www.alliancetransport.ch\/fr\/wp-json\/wp\/v2\/users\/2"}],"replies":[{"embeddable":true,"href":"https:\/\/www.alliancetransport.ch\/fr\/wp-json\/wp\/v2\/comments?post=28966"}],"version-history":[{"count":137,"href":"https:\/\/www.alliancetransport.ch\/fr\/wp-json\/wp\/v2\/pages\/28966\/revisions"}],"predecessor-version":[{"id":34108,"href":"https:\/\/www.alliancetransport.ch\/fr\/wp-json\/wp\/v2\/pages\/28966\/revisions\/34108"}],"wp:featuredmedia":[{"embeddable":true,"href":"https:\/\/www.alliancetransport.ch\/fr\/wp-json\/wp\/v2\/media\/34045"}],"wp:attachment":[{"href":"https:\/\/www.alliancetransport.ch\/fr\/wp-json\/wp\/v2\/media?parent=28966"}],"curies":[{"name":"wp","href":"https:\/\/api.w.org\/{rel}","templated":true}]}}